{"id":270,"date":"2021-01-16T19:03:23","date_gmt":"2021-01-16T21:03:23","guid":{"rendered":"https:\/\/shop.zuz-fanexpress.de\/?page_id=270"},"modified":"2026-01-09T14:13:19","modified_gmt":"2026-01-09T16:13:19","slug":"impressum","status":"publish","type":"page","link":"https:\/\/shop.zuz-fanexpress.de\/index.php\/impressum\/","title":{"rendered":"Impressum"},"content":{"rendered":"\n<p><strong>Zug um Zug Fanexpress<\/strong><br>Inhaber: Scharif Omeirat<br>Kortenpfad 12<br>44787 Bochum<br>0234\/3796769<br>mobil: 0173\/2118869<\/p>\n\n\n\n<p><a href=\"javascript:smae_decode('b21laXJhdEB6dXotZmFuZXhwcmVzcy5kZQ==');\">omeirat@zuz-fanexpress.de<\/a><br><a href=\"http:\/\/www.zuz-fanexpress.com\">www.zuz-fanexpress.de<\/a><br>Diese E-Mail-Adresse ist gegen Spambots gesch\u00fctzt, Sie m\u00fcssen Javascript aktivieren, damit Sie sie sehen k\u00f6nnen.<\/p>\n\n\n\n<p>Inhaltlich Verantwortlicher gem\u00e4\u00df \u00a7 6 MDStV<strong>:<\/strong> Scharif Omeirat<\/p>\n\n\n\n<p>Steuer-Nr.: 30651723417<\/p>\n\n\n\n<p>Bankverbindung:<br>Sparkasse Bochum<br>IBAN: DE27 4305 0001 0001 6573 37<br>BIC: WELADED1BOC<\/p>\n","protected":false},"excerpt":{"rendered":"<p>Zug um Zug FanexpressInhaber: Scharif OmeiratKortenpfad 1244787 Bochum0234\/3796769mobil: 0173\/2118869 omeirat@zuz-fanexpress.dewww.zuz-fanexpress.deDiese E-Mail-Adresse ist gegen Spambots gesch\u00fctzt, Sie m\u00fcssen Javascript aktivieren, damit Sie sie sehen k\u00f6nnen. Inhaltlich Verantwortlicher gem\u00e4\u00df \u00a7 6 MDStV: Scharif Omeirat Steuer-Nr.: 30651723417 Bankverbindung:Sparkasse BochumIBAN: DE27 4305 0001 0001 6573 37BIC: WELADED1BOC<\/p>\n","protected":false},"author":1,"featured_media":0,"parent":0,"menu_order":0,"comment_status":"closed","ping_status":"closed","template":"","meta":{"footnotes":""},"class_list":["post-270","page","type-page","status-publish","hentry"],"wps_subtitle":"","_links":{"self":[{"href":"https:\/\/shop.zuz-fanexpress.de\/index.php\/wp-json\/wp\/v2\/pages\/270","targetHints":{"allow":["GET"]}}],"collection":[{"href":"https:\/\/shop.zuz-fanexpress.de\/index.php\/wp-json\/wp\/v2\/pages"}],"about":[{"href":"https:\/\/shop.zuz-fanexpress.de\/index.php\/wp-json\/wp\/v2\/types\/page"}],"author":[{"embeddable":true,"href":"https:\/\/shop.zuz-fanexpress.de\/index.php\/wp-json\/wp\/v2\/users\/1"}],"replies":[{"embeddable":true,"href":"https:\/\/shop.zuz-fanexpress.de\/index.php\/wp-json\/wp\/v2\/comments?post=270"}],"version-history":[{"count":5,"href":"https:\/\/shop.zuz-fanexpress.de\/index.php\/wp-json\/wp\/v2\/pages\/270\/revisions"}],"predecessor-version":[{"id":6090,"href":"https:\/\/shop.zuz-fanexpress.de\/index.php\/wp-json\/wp\/v2\/pages\/270\/revisions\/6090"}],"wp:attachment":[{"href":"https:\/\/shop.zuz-fanexpress.de\/index.php\/wp-json\/wp\/v2\/media?parent=270"}],"curies":[{"name":"wp","href":"https:\/\/api.w.org\/{rel}","templated":true}]}}