{"id":2521,"date":"2022-11-26T15:03:05","date_gmt":"2022-11-26T17:03:05","guid":{"rendered":"https:\/\/shop.zuz-fanexpress.de\/?post_type=product&#038;p=2521"},"modified":"2026-01-13T12:45:15","modified_gmt":"2026-01-13T14:45:15","slug":"schal-1848-stadwappen","status":"publish","type":"product","link":"https:\/\/shop.zuz-fanexpress.de\/index.php\/produkt\/schal-1848-stadwappen\/","title":{"rendered":"Seidenschal &#8222;1848 Stadwappen&#8220;"},"content":{"rendered":"<p>Noch auf der Suche nach einem neuen Seidenschal?<br \/>\nDieser hier ist durch seine Widerstandsf\u00e4higkeit und edlen Ausf\u00fchrung der perfekte Weg-Begleiter f\u00fcr jedes Heim- und Ausw\u00e4rtsspiel. F\u00fcr viele treue VfL-Anh\u00e4nger geh\u00f6rt er l\u00e4ngst zum Gesamtbild der Kurve. Zeitlos trifft es hier zudem am besten. Keine Ligazugeh\u00f6rigkeit, kein Motto \u2013 der VfL in seiner reinsten Form. <\/p>\n","protected":false},"excerpt":{"rendered":"<p>Seidenschal &#8222;1848 BOCHUM&#8220; + Stadtwappen<\/p>\n","protected":false},"featured_media":2525,"template":"","meta":[],"product_brand":[],"product_cat":[36],"product_tag":[],"class_list":{"0":"post-2521","1":"product","2":"type-product","3":"status-publish","4":"has-post-thumbnail","6":"product_cat-schals","7":"product_shipping_class-standard","9":"first","10":"outofstock","11":"taxable","12":"shipping-taxable","13":"purchasable","14":"product-type-simple"},"_links":{"self":[{"href":"https:\/\/shop.zuz-fanexpress.de\/index.php\/wp-json\/wp\/v2\/product\/2521","targetHints":{"allow":["GET"]}}],"collection":[{"href":"https:\/\/shop.zuz-fanexpress.de\/index.php\/wp-json\/wp\/v2\/product"}],"about":[{"href":"https:\/\/shop.zuz-fanexpress.de\/index.php\/wp-json\/wp\/v2\/types\/product"}],"wp:featuredmedia":[{"embeddable":true,"href":"https:\/\/shop.zuz-fanexpress.de\/index.php\/wp-json\/wp\/v2\/media\/2525"}],"wp:attachment":[{"href":"https:\/\/shop.zuz-fanexpress.de\/index.php\/wp-json\/wp\/v2\/media?parent=2521"}],"wp:term":[{"taxonomy":"product_brand","embeddable":true,"href":"https:\/\/shop.zuz-fanexpress.de\/index.php\/wp-json\/wp\/v2\/product_brand?post=2521"},{"taxonomy":"product_cat","embeddable":true,"href":"https:\/\/shop.zuz-fanexpress.de\/index.php\/wp-json\/wp\/v2\/product_cat?post=2521"},{"taxonomy":"product_tag","embeddable":true,"href":"https:\/\/shop.zuz-fanexpress.de\/index.php\/wp-json\/wp\/v2\/product_tag?post=2521"}],"curies":[{"name":"wp","href":"https:\/\/api.w.org\/{rel}","templated":true}]}}