{"id":4216,"date":"2024-06-04T09:57:06","date_gmt":"2024-06-04T11:57:06","guid":{"rendered":"https:\/\/shop.zuz-fanexpress.de\/?post_type=product&#038;p=4216"},"modified":"2026-03-16T14:00:06","modified_gmt":"2026-03-16T16:00:06","slug":"kinder-college-jacke-bochum-1848-blau","status":"publish","type":"product","link":"https:\/\/shop.zuz-fanexpress.de\/index.php\/produkt\/kinder-college-jacke-bochum-1848-blau\/","title":{"rendered":"Kinder-College-Jacke &#8222;Bochum 1848&#8220; blau"},"content":{"rendered":"<p>Eine Jacke im sportlichen retro-Look \u2013 was eignet sich da besser als eine Collegejacke?<br \/>\nDie Collegejacke f\u00fcr Klein und Gro\u00df ganz im Castroper-Stra\u00dfen-Stil. Hinten Bochum 1848, kombiniert mit dem Stadtwappen. Vorne ein un\u00fcbersehbares BO und der Aufdruck \u201eCastroper Stra\u00dfe\u201c.<br \/>\nDer ideale Begleiter f\u00fcr das Stadion und den Alltag! <\/p>\n","protected":false},"excerpt":{"rendered":"<p>Kinder-College-Jacke &#8222;Bochum 1848&#8220; blau<\/p>\n<p>Abholung sofort m\u00f6glich<\/p>\n<p>Bei Versand Lieferzeit ca. 1 Woche<\/p>\n","protected":false},"featured_media":4161,"template":"","meta":[],"product_brand":[],"product_cat":[64],"product_tag":[],"class_list":{"0":"post-4216","1":"product","2":"type-product","3":"status-publish","4":"has-post-thumbnail","6":"product_cat-jacken","7":"product_shipping_class-standard","9":"first","10":"instock","11":"sale","12":"taxable","13":"shipping-taxable","14":"purchasable","15":"product-type-variable","16":"has-default-attributes"},"_links":{"self":[{"href":"https:\/\/shop.zuz-fanexpress.de\/index.php\/wp-json\/wp\/v2\/product\/4216","targetHints":{"allow":["GET"]}}],"collection":[{"href":"https:\/\/shop.zuz-fanexpress.de\/index.php\/wp-json\/wp\/v2\/product"}],"about":[{"href":"https:\/\/shop.zuz-fanexpress.de\/index.php\/wp-json\/wp\/v2\/types\/product"}],"wp:featuredmedia":[{"embeddable":true,"href":"https:\/\/shop.zuz-fanexpress.de\/index.php\/wp-json\/wp\/v2\/media\/4161"}],"wp:attachment":[{"href":"https:\/\/shop.zuz-fanexpress.de\/index.php\/wp-json\/wp\/v2\/media?parent=4216"}],"wp:term":[{"taxonomy":"product_brand","embeddable":true,"href":"https:\/\/shop.zuz-fanexpress.de\/index.php\/wp-json\/wp\/v2\/product_brand?post=4216"},{"taxonomy":"product_cat","embeddable":true,"href":"https:\/\/shop.zuz-fanexpress.de\/index.php\/wp-json\/wp\/v2\/product_cat?post=4216"},{"taxonomy":"product_tag","embeddable":true,"href":"https:\/\/shop.zuz-fanexpress.de\/index.php\/wp-json\/wp\/v2\/product_tag?post=4216"}],"curies":[{"name":"wp","href":"https:\/\/api.w.org\/{rel}","templated":true}]}}