{"id":4524,"date":"2024-08-22T17:59:42","date_gmt":"2024-08-22T19:59:42","guid":{"rendered":"https:\/\/shop.zuz-fanexpress.de\/?post_type=product&#038;p=4524"},"modified":"2026-04-15T08:08:30","modified_gmt":"2026-04-15T10:08:30","slug":"1848-sweatjacke-zipper-navi-blau-mit-stadtlogo","status":"publish","type":"product","link":"https:\/\/shop.zuz-fanexpress.de\/index.php\/produkt\/1848-sweatjacke-zipper-navi-blau-mit-stadtlogo\/","title":{"rendered":"1848 Sweatjacke-Zipper Wei\u00df 1848+Stadtwappen"},"content":{"rendered":"<p>Der ZuZ-Schlager als Sweatjacke! Was sie so besonders macht? Der leichte Stoff passt sich jeder Figur an und sorgt f\u00fcr eine edle, sportliche Optik.<br \/>\nSie ist in den Farben Wei\u00df oder Navyblau erh\u00e4ltlich. Ganz im Fokus stehen nat\u00fcrlich die Vereinszahlen 1848 und das Bochumer Stadtwappen.<\/p>\n","protected":false},"excerpt":{"rendered":"<p>Lieferzeit ca. 1 Woche<\/p>\n","protected":false},"featured_media":4491,"template":"","meta":[],"product_brand":[],"product_cat":[15],"product_tag":[],"class_list":{"0":"post-4524","1":"product","2":"type-product","3":"status-publish","4":"has-post-thumbnail","6":"product_cat-unkategorisiert","8":"first","9":"instock","10":"sale","11":"taxable","12":"shipping-taxable","13":"purchasable","14":"product-type-variable"},"_links":{"self":[{"href":"https:\/\/shop.zuz-fanexpress.de\/index.php\/wp-json\/wp\/v2\/product\/4524","targetHints":{"allow":["GET"]}}],"collection":[{"href":"https:\/\/shop.zuz-fanexpress.de\/index.php\/wp-json\/wp\/v2\/product"}],"about":[{"href":"https:\/\/shop.zuz-fanexpress.de\/index.php\/wp-json\/wp\/v2\/types\/product"}],"wp:featuredmedia":[{"embeddable":true,"href":"https:\/\/shop.zuz-fanexpress.de\/index.php\/wp-json\/wp\/v2\/media\/4491"}],"wp:attachment":[{"href":"https:\/\/shop.zuz-fanexpress.de\/index.php\/wp-json\/wp\/v2\/media?parent=4524"}],"wp:term":[{"taxonomy":"product_brand","embeddable":true,"href":"https:\/\/shop.zuz-fanexpress.de\/index.php\/wp-json\/wp\/v2\/product_brand?post=4524"},{"taxonomy":"product_cat","embeddable":true,"href":"https:\/\/shop.zuz-fanexpress.de\/index.php\/wp-json\/wp\/v2\/product_cat?post=4524"},{"taxonomy":"product_tag","embeddable":true,"href":"https:\/\/shop.zuz-fanexpress.de\/index.php\/wp-json\/wp\/v2\/product_tag?post=4524"}],"curies":[{"name":"wp","href":"https:\/\/api.w.org\/{rel}","templated":true}]}}