{"id":4572,"date":"2024-09-05T19:16:50","date_gmt":"2024-09-05T21:16:50","guid":{"rendered":"https:\/\/shop.zuz-fanexpress.de\/?post_type=product&#038;p=4572"},"modified":"2026-02-26T10:04:30","modified_gmt":"2026-02-26T12:04:30","slug":"badehose-1848","status":"publish","type":"product","link":"https:\/\/shop.zuz-fanexpress.de\/index.php\/produkt\/badehose-1848\/","title":{"rendered":"Badehose 1848"},"content":{"rendered":"<p>Der Sommer steht vor der T\u00fcr, viel zu sp\u00e4t wird einem bewusst, dass man dringend eine neue Badehose ben\u00f6tigt. All die Motive herk\u00f6mmlicher Badehosen sind entweder zu viel oder zu wenig. Wer kennt diese Situation nicht? Doch damit ist jetzt Schluss, denn diese Badehose ist die perfekte Mitte. Mit dem Aufdruck, bestehend aus Stadtwappen und 1848, habt ihr eine elegante Badehose, die nicht nur zum Schwimmen geeignet ist, sondern auch f\u00fcr den Alltag an warmen Sommertagen. <\/p>\n","protected":false},"excerpt":{"rendered":"<p>Der Sommer steht vor der T\u00fcr, viel zu sp\u00e4t wird einem bewusst, dass man dringend eine neue Badehose ben\u00f6tigt. All die Motive herk\u00f6mmlicher Badehosen sind entweder zu viel oder zu wenig. Wer kennt diese Situation nicht? Doch damit ist jetzt Schluss, denn diese Badehose ist&hellip;<\/p>\n","protected":false},"featured_media":2120,"template":"","meta":[],"product_brand":[],"product_cat":[15],"product_tag":[],"class_list":{"0":"post-4572","1":"product","2":"type-product","3":"status-publish","4":"has-post-thumbnail","6":"product_cat-unkategorisiert","7":"product_shipping_class-standard","9":"first","10":"instock","11":"taxable","12":"shipping-taxable","13":"purchasable","14":"product-type-variable"},"_links":{"self":[{"href":"https:\/\/shop.zuz-fanexpress.de\/index.php\/wp-json\/wp\/v2\/product\/4572","targetHints":{"allow":["GET"]}}],"collection":[{"href":"https:\/\/shop.zuz-fanexpress.de\/index.php\/wp-json\/wp\/v2\/product"}],"about":[{"href":"https:\/\/shop.zuz-fanexpress.de\/index.php\/wp-json\/wp\/v2\/types\/product"}],"wp:featuredmedia":[{"embeddable":true,"href":"https:\/\/shop.zuz-fanexpress.de\/index.php\/wp-json\/wp\/v2\/media\/2120"}],"wp:attachment":[{"href":"https:\/\/shop.zuz-fanexpress.de\/index.php\/wp-json\/wp\/v2\/media?parent=4572"}],"wp:term":[{"taxonomy":"product_brand","embeddable":true,"href":"https:\/\/shop.zuz-fanexpress.de\/index.php\/wp-json\/wp\/v2\/product_brand?post=4572"},{"taxonomy":"product_cat","embeddable":true,"href":"https:\/\/shop.zuz-fanexpress.de\/index.php\/wp-json\/wp\/v2\/product_cat?post=4572"},{"taxonomy":"product_tag","embeddable":true,"href":"https:\/\/shop.zuz-fanexpress.de\/index.php\/wp-json\/wp\/v2\/product_tag?post=4572"}],"curies":[{"name":"wp","href":"https:\/\/api.w.org\/{rel}","templated":true}]}}