{"id":4718,"date":"2024-10-27T09:23:48","date_gmt":"2024-10-27T11:23:48","guid":{"rendered":"https:\/\/shop.zuz-fanexpress.de\/?post_type=product&#038;p=4718"},"modified":"2026-03-23T11:36:47","modified_gmt":"2026-03-23T13:36:47","slug":"emaille-tasse1848-stadtwappen","status":"publish","type":"product","link":"https:\/\/shop.zuz-fanexpress.de\/index.php\/produkt\/emaille-tasse1848-stadtwappen\/","title":{"rendered":"Emaille-Tasse 1848 Stadtwappen"},"content":{"rendered":"<p>Leichtes, bruchfestes und langlebiges Material ist besonders wichtig, wenn man Tassen regelm\u00e4\u00dfig transportieren m\u00f6chte. Sei es f\u00fcr einen Ausflug, Campingurlaub oder anderen Aktivit\u00e4ten, die selbst mitgebrachte Tassen voraussetzen. Die Emaille-Tasse mit dem Stadtwappen + 1848 ist nicht nur optisch ansprechend, sondern bedient au\u00dferdem all diese Voraussetzungen und eignet sich hervorragend f\u00fcr die jeweiligen Abenteuer.<\/p>\n","protected":false},"excerpt":{"rendered":"<p>Abholung sofort m\u00f6glich, bei Versand Lieferzeit ca. 1 Woche<\/p>\n","protected":false},"featured_media":4720,"template":"","meta":[],"product_brand":[],"product_cat":[15],"product_tag":[],"class_list":{"0":"post-4718","1":"product","2":"type-product","3":"status-publish","4":"has-post-thumbnail","6":"product_cat-unkategorisiert","8":"first","9":"instock","10":"taxable","11":"shipping-taxable","12":"purchasable","13":"product-type-simple"},"_links":{"self":[{"href":"https:\/\/shop.zuz-fanexpress.de\/index.php\/wp-json\/wp\/v2\/product\/4718","targetHints":{"allow":["GET"]}}],"collection":[{"href":"https:\/\/shop.zuz-fanexpress.de\/index.php\/wp-json\/wp\/v2\/product"}],"about":[{"href":"https:\/\/shop.zuz-fanexpress.de\/index.php\/wp-json\/wp\/v2\/types\/product"}],"wp:featuredmedia":[{"embeddable":true,"href":"https:\/\/shop.zuz-fanexpress.de\/index.php\/wp-json\/wp\/v2\/media\/4720"}],"wp:attachment":[{"href":"https:\/\/shop.zuz-fanexpress.de\/index.php\/wp-json\/wp\/v2\/media?parent=4718"}],"wp:term":[{"taxonomy":"product_brand","embeddable":true,"href":"https:\/\/shop.zuz-fanexpress.de\/index.php\/wp-json\/wp\/v2\/product_brand?post=4718"},{"taxonomy":"product_cat","embeddable":true,"href":"https:\/\/shop.zuz-fanexpress.de\/index.php\/wp-json\/wp\/v2\/product_cat?post=4718"},{"taxonomy":"product_tag","embeddable":true,"href":"https:\/\/shop.zuz-fanexpress.de\/index.php\/wp-json\/wp\/v2\/product_tag?post=4718"}],"curies":[{"name":"wp","href":"https:\/\/api.w.org\/{rel}","templated":true}]}}