{"id":4755,"date":"2024-11-05T08:16:48","date_gmt":"2024-11-05T10:16:48","guid":{"rendered":"https:\/\/shop.zuz-fanexpress.de\/?post_type=product&#038;p=4755"},"modified":"2026-02-11T10:14:01","modified_gmt":"2026-02-11T12:14:01","slug":"thermokanne-schwarz","status":"publish","type":"product","link":"https:\/\/shop.zuz-fanexpress.de\/index.php\/produkt\/thermokanne-schwarz\/","title":{"rendered":"Thermoskanne Schwarz 1848 Bochum"},"content":{"rendered":"<p>Diese elegante schwarze Thermoskanne ist ideal f\u00fcr alle, die ihren Kaffee oder Tee stilvoll genie\u00dfen und ihre Verbundenheit zu Bochum und der traditionellen Zahl 1848 zeigen m\u00f6chten. Der silberne Schriftzug &#8222;1848 Bochum&#8220; verleiht ihr eine edle Optik. <\/p>\n","protected":false},"excerpt":{"rendered":"<p>Diese elegante schwarze Thermoskanne ist ideal f\u00fcr alle, die ihren Kaffee oder Tee stilvoll genie\u00dfen und ihre Verbundenheit zu Bochum und der traditionellen Zahl 1848 zeigen m\u00f6chten. Der silberne Schriftzug &#8222;1848 Bochum&#8220; verleiht ihr eine edle Optik.<\/p>\n","protected":false},"featured_media":4756,"template":"","meta":[],"product_brand":[],"product_cat":[15],"product_tag":[],"class_list":{"0":"post-4755","1":"product","2":"type-product","3":"status-publish","4":"has-post-thumbnail","6":"product_cat-unkategorisiert","7":"product_shipping_class-standard","9":"first","10":"instock","11":"taxable","12":"shipping-taxable","13":"purchasable","14":"product-type-simple"},"_links":{"self":[{"href":"https:\/\/shop.zuz-fanexpress.de\/index.php\/wp-json\/wp\/v2\/product\/4755","targetHints":{"allow":["GET"]}}],"collection":[{"href":"https:\/\/shop.zuz-fanexpress.de\/index.php\/wp-json\/wp\/v2\/product"}],"about":[{"href":"https:\/\/shop.zuz-fanexpress.de\/index.php\/wp-json\/wp\/v2\/types\/product"}],"wp:featuredmedia":[{"embeddable":true,"href":"https:\/\/shop.zuz-fanexpress.de\/index.php\/wp-json\/wp\/v2\/media\/4756"}],"wp:attachment":[{"href":"https:\/\/shop.zuz-fanexpress.de\/index.php\/wp-json\/wp\/v2\/media?parent=4755"}],"wp:term":[{"taxonomy":"product_brand","embeddable":true,"href":"https:\/\/shop.zuz-fanexpress.de\/index.php\/wp-json\/wp\/v2\/product_brand?post=4755"},{"taxonomy":"product_cat","embeddable":true,"href":"https:\/\/shop.zuz-fanexpress.de\/index.php\/wp-json\/wp\/v2\/product_cat?post=4755"},{"taxonomy":"product_tag","embeddable":true,"href":"https:\/\/shop.zuz-fanexpress.de\/index.php\/wp-json\/wp\/v2\/product_tag?post=4755"}],"curies":[{"name":"wp","href":"https:\/\/api.w.org\/{rel}","templated":true}]}}