{"id":4769,"date":"2024-11-05T08:34:24","date_gmt":"2024-11-05T10:34:24","guid":{"rendered":"https:\/\/shop.zuz-fanexpress.de\/?post_type=product&#038;p=4769"},"modified":"2026-02-11T09:39:56","modified_gmt":"2026-02-11T11:39:56","slug":"1848-schwarze-weste","status":"publish","type":"product","link":"https:\/\/shop.zuz-fanexpress.de\/index.php\/produkt\/1848-schwarze-weste\/","title":{"rendered":"1848 + Stadtwappen Weste"},"content":{"rendered":"<p>Die exklusive &#8218;1848+Stadtwappen&#8216; Weste \u2013 perfekt f\u00fcr Fu\u00dfballfans und alle, die ihre Verbundenheit mit unserem Verein und der Stadt zeigen m\u00f6chten! Holt euch jetzt die w\u00e4rmende Weste und bleibt modisch immer am Ball!<\/p>\n","protected":false},"excerpt":{"rendered":"<p>Die exklusive &#8218;1848+Stadtwappen&#8216; Weste \u2013 perfekt f\u00fcr Fu\u00dfballfans und alle, die ihre Verbundenheit mit unserem Verein und der Stadt zeigen m\u00f6chten! Holt euch jetzt die w\u00e4rmende Weste und bleibt modisch immer am Ball!<\/p>\n","protected":false},"featured_media":4766,"template":"","meta":[],"product_brand":[],"product_cat":[15],"product_tag":[],"class_list":{"0":"post-4769","1":"product","2":"type-product","3":"status-publish","4":"has-post-thumbnail","6":"product_cat-unkategorisiert","7":"product_shipping_class-standard","9":"first","10":"instock","11":"taxable","12":"shipping-taxable","13":"purchasable","14":"product-type-variable"},"_links":{"self":[{"href":"https:\/\/shop.zuz-fanexpress.de\/index.php\/wp-json\/wp\/v2\/product\/4769","targetHints":{"allow":["GET"]}}],"collection":[{"href":"https:\/\/shop.zuz-fanexpress.de\/index.php\/wp-json\/wp\/v2\/product"}],"about":[{"href":"https:\/\/shop.zuz-fanexpress.de\/index.php\/wp-json\/wp\/v2\/types\/product"}],"wp:featuredmedia":[{"embeddable":true,"href":"https:\/\/shop.zuz-fanexpress.de\/index.php\/wp-json\/wp\/v2\/media\/4766"}],"wp:attachment":[{"href":"https:\/\/shop.zuz-fanexpress.de\/index.php\/wp-json\/wp\/v2\/media?parent=4769"}],"wp:term":[{"taxonomy":"product_brand","embeddable":true,"href":"https:\/\/shop.zuz-fanexpress.de\/index.php\/wp-json\/wp\/v2\/product_brand?post=4769"},{"taxonomy":"product_cat","embeddable":true,"href":"https:\/\/shop.zuz-fanexpress.de\/index.php\/wp-json\/wp\/v2\/product_cat?post=4769"},{"taxonomy":"product_tag","embeddable":true,"href":"https:\/\/shop.zuz-fanexpress.de\/index.php\/wp-json\/wp\/v2\/product_tag?post=4769"}],"curies":[{"name":"wp","href":"https:\/\/api.w.org\/{rel}","templated":true}]}}