{"id":4902,"date":"2024-12-30T11:59:43","date_gmt":"2024-12-30T13:59:43","guid":{"rendered":"https:\/\/shop.zuz-fanexpress.de\/?post_type=product&#038;p=4902"},"modified":"2026-02-11T10:17:04","modified_gmt":"2026-02-11T12:17:04","slug":"1848-schluesselanhaenger-kopie","status":"publish","type":"product","link":"https:\/\/shop.zuz-fanexpress.de\/index.php\/produkt\/1848-schluesselanhaenger-kopie\/","title":{"rendered":"1848 + Stadtwappen Schl\u00fcsselband"},"content":{"rendered":"<p>Wer kennt es nicht? Man sucht seinen Schl\u00fcssel in der Tasche und kann ihn einfach nicht finden. Schl\u00fcsselb\u00e4nder schaffen bei diesem Problem Abhilfe und k\u00f6nnen dabei sogar optisch gut aussehen.<br \/>\nGreift zu bei den Schl\u00fcsselb\u00e4ndern mit Stadt- und Vereinsbezug und habt euren Schl\u00fcssel immer parat! <\/p>\n","protected":false},"excerpt":{"rendered":"<p>Abholung sofort m\u00f6glich, bei Versand Lieferzeit ca. 1 Woche<\/p>\n","protected":false},"featured_media":4416,"template":"","meta":[],"product_brand":[],"product_cat":[15],"product_tag":[],"class_list":{"0":"post-4902","1":"product","2":"type-product","3":"status-publish","4":"has-post-thumbnail","6":"product_cat-unkategorisiert","7":"product_shipping_class-standard","9":"first","10":"outofstock","11":"taxable","12":"shipping-taxable","13":"purchasable","14":"product-type-simple"},"_links":{"self":[{"href":"https:\/\/shop.zuz-fanexpress.de\/index.php\/wp-json\/wp\/v2\/product\/4902","targetHints":{"allow":["GET"]}}],"collection":[{"href":"https:\/\/shop.zuz-fanexpress.de\/index.php\/wp-json\/wp\/v2\/product"}],"about":[{"href":"https:\/\/shop.zuz-fanexpress.de\/index.php\/wp-json\/wp\/v2\/types\/product"}],"wp:featuredmedia":[{"embeddable":true,"href":"https:\/\/shop.zuz-fanexpress.de\/index.php\/wp-json\/wp\/v2\/media\/4416"}],"wp:attachment":[{"href":"https:\/\/shop.zuz-fanexpress.de\/index.php\/wp-json\/wp\/v2\/media?parent=4902"}],"wp:term":[{"taxonomy":"product_brand","embeddable":true,"href":"https:\/\/shop.zuz-fanexpress.de\/index.php\/wp-json\/wp\/v2\/product_brand?post=4902"},{"taxonomy":"product_cat","embeddable":true,"href":"https:\/\/shop.zuz-fanexpress.de\/index.php\/wp-json\/wp\/v2\/product_cat?post=4902"},{"taxonomy":"product_tag","embeddable":true,"href":"https:\/\/shop.zuz-fanexpress.de\/index.php\/wp-json\/wp\/v2\/product_tag?post=4902"}],"curies":[{"name":"wp","href":"https:\/\/api.w.org\/{rel}","templated":true}]}}