{"id":4915,"date":"2025-01-07T11:31:00","date_gmt":"2025-01-07T13:31:00","guid":{"rendered":"https:\/\/shop.zuz-fanexpress.de\/?post_type=product&#038;p=4915"},"modified":"2026-03-03T09:37:12","modified_gmt":"2026-03-03T11:37:12","slug":"1848-stadionjacke","status":"publish","type":"product","link":"https:\/\/shop.zuz-fanexpress.de\/index.php\/produkt\/1848-stadionjacke\/","title":{"rendered":"1848 Stadionjacke"},"content":{"rendered":"<p>Die sportliche Softshelljacke ist euer optimaler Begleiter f\u00fcr die kalte Jahreszeit. Egal ob Stadionbesuch, Wanderung oder ein einfacher Spaziergang. Sie ist nicht nur wind- und wasserabweisend, sondern auch noch gef\u00fcttert. So seid ihr zu dieser Jahreszeit bestens ger\u00fcstet.<\/p>\n<p>Erh\u00e4ltlich ist sie in den Gr\u00f6\u00dfen:<br \/>\nS &#8211; XXXXXL <\/p>\n","protected":false},"excerpt":{"rendered":"<p>Preis: 79\u20ac <\/p>\n<p>Bei Versand Lieferzeit ca. 2Woche<\/p>\n","protected":false},"featured_media":4926,"template":"","meta":[],"product_brand":[],"product_cat":[15],"product_tag":[],"class_list":{"0":"post-4915","1":"product","2":"type-product","3":"status-publish","4":"has-post-thumbnail","6":"product_cat-unkategorisiert","7":"product_shipping_class-standard","9":"first","10":"instock","11":"taxable","12":"shipping-taxable","13":"purchasable","14":"product-type-variable"},"_links":{"self":[{"href":"https:\/\/shop.zuz-fanexpress.de\/index.php\/wp-json\/wp\/v2\/product\/4915","targetHints":{"allow":["GET"]}}],"collection":[{"href":"https:\/\/shop.zuz-fanexpress.de\/index.php\/wp-json\/wp\/v2\/product"}],"about":[{"href":"https:\/\/shop.zuz-fanexpress.de\/index.php\/wp-json\/wp\/v2\/types\/product"}],"wp:featuredmedia":[{"embeddable":true,"href":"https:\/\/shop.zuz-fanexpress.de\/index.php\/wp-json\/wp\/v2\/media\/4926"}],"wp:attachment":[{"href":"https:\/\/shop.zuz-fanexpress.de\/index.php\/wp-json\/wp\/v2\/media?parent=4915"}],"wp:term":[{"taxonomy":"product_brand","embeddable":true,"href":"https:\/\/shop.zuz-fanexpress.de\/index.php\/wp-json\/wp\/v2\/product_brand?post=4915"},{"taxonomy":"product_cat","embeddable":true,"href":"https:\/\/shop.zuz-fanexpress.de\/index.php\/wp-json\/wp\/v2\/product_cat?post=4915"},{"taxonomy":"product_tag","embeddable":true,"href":"https:\/\/shop.zuz-fanexpress.de\/index.php\/wp-json\/wp\/v2\/product_tag?post=4915"}],"curies":[{"name":"wp","href":"https:\/\/api.w.org\/{rel}","templated":true}]}}