{"id":4947,"date":"2025-01-13T05:12:40","date_gmt":"2025-01-13T07:12:40","guid":{"rendered":"https:\/\/shop.zuz-fanexpress.de\/?post_type=product&#038;p=4947"},"modified":"2026-02-11T09:18:30","modified_gmt":"2026-02-11T11:18:30","slug":"wintermuetze-1848-schwarz","status":"publish","type":"product","link":"https:\/\/shop.zuz-fanexpress.de\/index.php\/produkt\/wintermuetze-1848-schwarz\/","title":{"rendered":"Winterm\u00fctze 1848 Schwarz"},"content":{"rendered":"<p>Auch in der kalten Jahreszeit mit Stolz deine Stadt repr\u00e4sentieren? Mit dieser Wollm\u00fctze kein Problem!<br \/>\nSowohl im eisigen Stadion, wie auch im verschneiten Alltag, sch\u00fctzt diese schlichte Wollm\u00fctze deinen Kopf vor Wind und Wetter. Kein Schnickschnack, kein Verrutschen \u2013 das Must-have f\u00fcr Herbst und Winter!<\/p>\n","protected":false},"excerpt":{"rendered":"<p>Abholung sofort m\u00f6glich, bei Versand Lieferzeit ca.  nach Zahlungseingang<br \/>\n1 Woche<\/p>\n","protected":false},"featured_media":4949,"template":"","meta":[],"product_brand":[],"product_cat":[45,15],"product_tag":[],"class_list":{"0":"post-4947","1":"product","2":"type-product","3":"status-publish","4":"has-post-thumbnail","6":"product_cat-kappen","7":"product_cat-unkategorisiert","8":"product_shipping_class-standard","10":"first","11":"instock","12":"taxable","13":"shipping-taxable","14":"purchasable","15":"product-type-simple"},"_links":{"self":[{"href":"https:\/\/shop.zuz-fanexpress.de\/index.php\/wp-json\/wp\/v2\/product\/4947","targetHints":{"allow":["GET"]}}],"collection":[{"href":"https:\/\/shop.zuz-fanexpress.de\/index.php\/wp-json\/wp\/v2\/product"}],"about":[{"href":"https:\/\/shop.zuz-fanexpress.de\/index.php\/wp-json\/wp\/v2\/types\/product"}],"wp:featuredmedia":[{"embeddable":true,"href":"https:\/\/shop.zuz-fanexpress.de\/index.php\/wp-json\/wp\/v2\/media\/4949"}],"wp:attachment":[{"href":"https:\/\/shop.zuz-fanexpress.de\/index.php\/wp-json\/wp\/v2\/media?parent=4947"}],"wp:term":[{"taxonomy":"product_brand","embeddable":true,"href":"https:\/\/shop.zuz-fanexpress.de\/index.php\/wp-json\/wp\/v2\/product_brand?post=4947"},{"taxonomy":"product_cat","embeddable":true,"href":"https:\/\/shop.zuz-fanexpress.de\/index.php\/wp-json\/wp\/v2\/product_cat?post=4947"},{"taxonomy":"product_tag","embeddable":true,"href":"https:\/\/shop.zuz-fanexpress.de\/index.php\/wp-json\/wp\/v2\/product_tag?post=4947"}],"curies":[{"name":"wp","href":"https:\/\/api.w.org\/{rel}","templated":true}]}}