{"id":5095,"date":"2025-03-09T09:22:48","date_gmt":"2025-03-09T11:22:48","guid":{"rendered":"https:\/\/shop.zuz-fanexpress.de\/?post_type=product&#038;p=5095"},"modified":"2026-03-22T13:32:37","modified_gmt":"2026-03-22T15:32:37","slug":"freundschaft-schal-bochum-muenchen","status":"publish","type":"product","link":"https:\/\/shop.zuz-fanexpress.de\/index.php\/produkt\/freundschaft-schal-bochum-muenchen\/","title":{"rendered":"Seidenschal Bochum + M\u00fcnchen"},"content":{"rendered":"<p>Vereint in der Kurve \u2013 vereint in der Kleidung. Wo sieht man sie nicht? Unz\u00e4hlige Freundschafsschals in den Kurven Deutschlands. Da darf nat\u00fcrlich die legend\u00e4re Fanfreundschaft zwischen dem VfL und den Bayern nicht fehlen. Beide St\u00e4dte spiegeln sich im Seidenschal wider, sowohl mit ihren Stadtwappen, wie auch mit ihren Vereinsfarben. Wahlweise auch in einem eleganten bordeaux-rot.<\/p>\n<p>lieferzeit nach zahlungseingang ca.1 Woche<br \/>\nAbholung Ab sofort<\/p>\n","protected":false},"excerpt":{"rendered":"<p>Freundschaftsseidenschal Bochum + M\u00fcnchen<\/p>\n","protected":false},"featured_media":5098,"template":"","meta":[],"product_brand":[],"product_cat":[36],"product_tag":[],"class_list":{"0":"post-5095","1":"product","2":"type-product","3":"status-publish","4":"has-post-thumbnail","6":"product_cat-schals","7":"product_shipping_class-standard","9":"first","10":"instock","11":"taxable","12":"shipping-taxable","13":"purchasable","14":"product-type-simple"},"_links":{"self":[{"href":"https:\/\/shop.zuz-fanexpress.de\/index.php\/wp-json\/wp\/v2\/product\/5095","targetHints":{"allow":["GET"]}}],"collection":[{"href":"https:\/\/shop.zuz-fanexpress.de\/index.php\/wp-json\/wp\/v2\/product"}],"about":[{"href":"https:\/\/shop.zuz-fanexpress.de\/index.php\/wp-json\/wp\/v2\/types\/product"}],"wp:featuredmedia":[{"embeddable":true,"href":"https:\/\/shop.zuz-fanexpress.de\/index.php\/wp-json\/wp\/v2\/media\/5098"}],"wp:attachment":[{"href":"https:\/\/shop.zuz-fanexpress.de\/index.php\/wp-json\/wp\/v2\/media?parent=5095"}],"wp:term":[{"taxonomy":"product_brand","embeddable":true,"href":"https:\/\/shop.zuz-fanexpress.de\/index.php\/wp-json\/wp\/v2\/product_brand?post=5095"},{"taxonomy":"product_cat","embeddable":true,"href":"https:\/\/shop.zuz-fanexpress.de\/index.php\/wp-json\/wp\/v2\/product_cat?post=5095"},{"taxonomy":"product_tag","embeddable":true,"href":"https:\/\/shop.zuz-fanexpress.de\/index.php\/wp-json\/wp\/v2\/product_tag?post=5095"}],"curies":[{"name":"wp","href":"https:\/\/api.w.org\/{rel}","templated":true}]}}