{"id":5107,"date":"2025-03-10T10:48:17","date_gmt":"2025-03-10T12:48:17","guid":{"rendered":"https:\/\/shop.zuz-fanexpress.de\/?post_type=product&#038;p=5107"},"modified":"2025-06-27T08:49:27","modified_gmt":"2025-06-27T10:49:27","slug":"t-shirt-gestickt-1900-muenchen-rot","status":"publish","type":"product","link":"https:\/\/shop.zuz-fanexpress.de\/index.php\/produkt\/t-shirt-gestickt-1900-muenchen-rot\/","title":{"rendered":"T-Shirt gestickt &#8222;1900 M\u00fcnchen &#8220; Rot"},"content":{"rendered":"<p>Hochwertig gesticktes T-Shirt mit einer super Qualit\u00e4t. Perfekt f\u00fcr die Kurve! <\/p>\n<p>Abholung sofort m\u00f6glich<\/p>\n<p>Bei Versand Lieferzeit ca. 1 Woche<\/p>\n","protected":false},"excerpt":{"rendered":"<p>Hochwertig gesticktes T-Shirt mit einer super Qualit\u00e4t. Perfekt f\u00fcr die Kurve! Abholung sofort m\u00f6glich Bei Versand Lieferzeit ca. 1 Woche<\/p>\n","protected":false},"featured_media":4730,"template":"","meta":[],"product_brand":[],"product_cat":[16],"product_tag":[],"class_list":{"0":"post-5107","1":"product","2":"type-product","3":"status-publish","4":"has-post-thumbnail","6":"product_cat-t-shirts","8":"first","9":"instock","10":"taxable","11":"shipping-taxable","12":"purchasable","13":"product-type-variable"},"_links":{"self":[{"href":"https:\/\/shop.zuz-fanexpress.de\/index.php\/wp-json\/wp\/v2\/product\/5107","targetHints":{"allow":["GET"]}}],"collection":[{"href":"https:\/\/shop.zuz-fanexpress.de\/index.php\/wp-json\/wp\/v2\/product"}],"about":[{"href":"https:\/\/shop.zuz-fanexpress.de\/index.php\/wp-json\/wp\/v2\/types\/product"}],"wp:featuredmedia":[{"embeddable":true,"href":"https:\/\/shop.zuz-fanexpress.de\/index.php\/wp-json\/wp\/v2\/media\/4730"}],"wp:attachment":[{"href":"https:\/\/shop.zuz-fanexpress.de\/index.php\/wp-json\/wp\/v2\/media?parent=5107"}],"wp:term":[{"taxonomy":"product_brand","embeddable":true,"href":"https:\/\/shop.zuz-fanexpress.de\/index.php\/wp-json\/wp\/v2\/product_brand?post=5107"},{"taxonomy":"product_cat","embeddable":true,"href":"https:\/\/shop.zuz-fanexpress.de\/index.php\/wp-json\/wp\/v2\/product_cat?post=5107"},{"taxonomy":"product_tag","embeddable":true,"href":"https:\/\/shop.zuz-fanexpress.de\/index.php\/wp-json\/wp\/v2\/product_tag?post=5107"}],"curies":[{"name":"wp","href":"https:\/\/api.w.org\/{rel}","templated":true}]}}