{"id":5124,"date":"2025-03-12T06:34:18","date_gmt":"2025-03-12T08:34:18","guid":{"rendered":"https:\/\/shop.zuz-fanexpress.de\/?post_type=product&#038;p=5124"},"modified":"2026-04-07T10:15:05","modified_gmt":"2026-04-07T12:15:05","slug":"schal-muenchen-1900","status":"publish","type":"product","link":"https:\/\/shop.zuz-fanexpress.de\/index.php\/produkt\/schal-muenchen-1900\/","title":{"rendered":"Seidenschal M\u00fcnchen 1900"},"content":{"rendered":"<p>Ihr seid selbst M\u00fcnchen-Fans oder m\u00f6chtet unsere Freunde symbolisch unterst\u00fctzen? Der Seidenschal \u201eM\u00fcnchen 1900\u201c macht\u2019s m\u00f6glich. Durch das Wappen, welches verschiedene Sehensw\u00fcrdigkeiten M\u00fcnchens pr\u00e4sentiert, wird nicht nur die Verbindung zum Verein, sondern auch zu Stadt selbst hervorgehoben. Durch seine schwere Qualit\u00e4t, ist der Seidenschal robust und kann somit viel aushalten. <\/p>\n","protected":false},"excerpt":{"rendered":"<p>Seidenschal &#8222;1848 BOCHUM&#8220; + Stadtwappen<\/p>\n<p>Lieferzeit nach Zahlungseingang ca.1 Woche<br \/>\nAbholung ab sofort  <\/p>\n","protected":false},"featured_media":5130,"template":"","meta":[],"product_brand":[],"product_cat":[36],"product_tag":[],"class_list":{"0":"post-5124","1":"product","2":"type-product","3":"status-publish","4":"has-post-thumbnail","6":"product_cat-schals","7":"product_shipping_class-standard","9":"first","10":"instock","11":"taxable","12":"shipping-taxable","13":"purchasable","14":"product-type-simple"},"_links":{"self":[{"href":"https:\/\/shop.zuz-fanexpress.de\/index.php\/wp-json\/wp\/v2\/product\/5124","targetHints":{"allow":["GET"]}}],"collection":[{"href":"https:\/\/shop.zuz-fanexpress.de\/index.php\/wp-json\/wp\/v2\/product"}],"about":[{"href":"https:\/\/shop.zuz-fanexpress.de\/index.php\/wp-json\/wp\/v2\/types\/product"}],"wp:featuredmedia":[{"embeddable":true,"href":"https:\/\/shop.zuz-fanexpress.de\/index.php\/wp-json\/wp\/v2\/media\/5130"}],"wp:attachment":[{"href":"https:\/\/shop.zuz-fanexpress.de\/index.php\/wp-json\/wp\/v2\/media?parent=5124"}],"wp:term":[{"taxonomy":"product_brand","embeddable":true,"href":"https:\/\/shop.zuz-fanexpress.de\/index.php\/wp-json\/wp\/v2\/product_brand?post=5124"},{"taxonomy":"product_cat","embeddable":true,"href":"https:\/\/shop.zuz-fanexpress.de\/index.php\/wp-json\/wp\/v2\/product_cat?post=5124"},{"taxonomy":"product_tag","embeddable":true,"href":"https:\/\/shop.zuz-fanexpress.de\/index.php\/wp-json\/wp\/v2\/product_tag?post=5124"}],"curies":[{"name":"wp","href":"https:\/\/api.w.org\/{rel}","templated":true}]}}