{"id":5259,"date":"2025-05-26T03:41:12","date_gmt":"2025-05-26T05:41:12","guid":{"rendered":"https:\/\/shop.zuz-fanexpress.de\/?post_type=product&#038;p=5259"},"modified":"2026-02-10T12:27:11","modified_gmt":"2026-02-10T14:27:11","slug":"1848-damen-t-shirt-top-qualitaets-fuer-echte-fussball-fans","status":"publish","type":"product","link":"https:\/\/shop.zuz-fanexpress.de\/index.php\/produkt\/1848-damen-t-shirt-top-qualitaets-fuer-echte-fussball-fans\/","title":{"rendered":"1848 Damen T-Shirt  Top Qualit\u00e4t-f\u00fcr echte Fu\u00dfball-Fans!"},"content":{"rendered":"<p>Das T-Shirt  &#8222;1848 &#8220; ist ein qualitativ hochwertiges Damenoberteil, das durch sein stylisches Design \u00fcberzeugt. Es f\u00e4llt etwas kleiner aus, daher empfehlen wir, eine Gr\u00f6\u00dfe gr\u00f6\u00dfer zu bestellen. Das schlichte und dennoch ansprechende T-Shirt  ist perfekt f\u00fcr Fu\u00dfballfans und alle, die ihre Verbundenheit mit unserem Verein zeigen m\u00f6chten. Holt euch jetzt das 1848 T-Shirt und seid modisch immer am Ball!<\/p>\n","protected":false},"excerpt":{"rendered":"<p>Das T-Shirt &#8222;1848 &#8220; ist ein qualitativ hochwertiges Damenoberteil, das durch sein stylisches Design \u00fcberzeugt. Es f\u00e4llt etwas kleiner aus, daher empfehlen wir, eine Gr\u00f6\u00dfe gr\u00f6\u00dfer zu bestellen. Das schlichte und dennoch ansprechende T-Shirt ist perfekt f\u00fcr Fu\u00dfballfans und alle, die ihre Verbundenheit mit unserem&hellip;<\/p>\n","protected":false},"featured_media":5267,"template":"","meta":[],"product_brand":[],"product_cat":[15],"product_tag":[],"class_list":{"0":"post-5259","1":"product","2":"type-product","3":"status-publish","4":"has-post-thumbnail","6":"product_cat-unkategorisiert","7":"product_shipping_class-standard","8":"pa_color-pink","9":"pa_color-schwarz","11":"first","12":"instock","13":"sale","14":"taxable","15":"shipping-taxable","16":"purchasable","17":"product-type-variable"},"_links":{"self":[{"href":"https:\/\/shop.zuz-fanexpress.de\/index.php\/wp-json\/wp\/v2\/product\/5259","targetHints":{"allow":["GET"]}}],"collection":[{"href":"https:\/\/shop.zuz-fanexpress.de\/index.php\/wp-json\/wp\/v2\/product"}],"about":[{"href":"https:\/\/shop.zuz-fanexpress.de\/index.php\/wp-json\/wp\/v2\/types\/product"}],"wp:featuredmedia":[{"embeddable":true,"href":"https:\/\/shop.zuz-fanexpress.de\/index.php\/wp-json\/wp\/v2\/media\/5267"}],"wp:attachment":[{"href":"https:\/\/shop.zuz-fanexpress.de\/index.php\/wp-json\/wp\/v2\/media?parent=5259"}],"wp:term":[{"taxonomy":"product_brand","embeddable":true,"href":"https:\/\/shop.zuz-fanexpress.de\/index.php\/wp-json\/wp\/v2\/product_brand?post=5259"},{"taxonomy":"product_cat","embeddable":true,"href":"https:\/\/shop.zuz-fanexpress.de\/index.php\/wp-json\/wp\/v2\/product_cat?post=5259"},{"taxonomy":"product_tag","embeddable":true,"href":"https:\/\/shop.zuz-fanexpress.de\/index.php\/wp-json\/wp\/v2\/product_tag?post=5259"}],"curies":[{"name":"wp","href":"https:\/\/api.w.org\/{rel}","templated":true}]}}