{"id":5308,"date":"2025-06-27T07:24:45","date_gmt":"2025-06-27T09:24:45","guid":{"rendered":"https:\/\/shop.zuz-fanexpress.de\/?post_type=product&#038;p=5308"},"modified":"2026-02-10T12:24:12","modified_gmt":"2026-02-10T14:24:12","slug":"sticker-fuer-die-farben","status":"publish","type":"product","link":"https:\/\/shop.zuz-fanexpress.de\/index.php\/produkt\/sticker-fuer-die-farben\/","title":{"rendered":"Sticker &#8222;F\u00fcr die Farben &#8230;&#8220;"},"content":{"rendered":"<p>Ihr m\u00f6chtet eure Sticker-Sammlung erweitern? Mit den farbkr\u00e4ftigen und gut haftenden Stickern seid ihr nun f\u00fcndig geworden. Dabei ist es ganz euch \u00fcberlassen ob es eher schlicht oder kreativ sein darf. Vielleicht sogar auch beides? Sowohl der ZuZ-Schlager aus Stadtwappen und 1848 in quadratischer oder rechteckiger Form, wie auch ein Sticker in Anlehnung an eins der bekannten Stadionlieder, stehen zur Auswahl.<\/p>\n","protected":false},"excerpt":{"rendered":"<p>Sticker &#8222;F\u00fcr die Farben &#8230;&#8220;<\/p>\n<p>10 Stk<\/p>\n","protected":false},"featured_media":5309,"template":"","meta":[],"product_brand":[],"product_cat":[58],"product_tag":[],"class_list":{"0":"post-5308","1":"product","2":"type-product","3":"status-publish","4":"has-post-thumbnail","6":"product_cat-sticker","7":"product_shipping_class-standard","9":"first","10":"instock","11":"taxable","12":"shipping-taxable","13":"purchasable","14":"product-type-simple"},"_links":{"self":[{"href":"https:\/\/shop.zuz-fanexpress.de\/index.php\/wp-json\/wp\/v2\/product\/5308","targetHints":{"allow":["GET"]}}],"collection":[{"href":"https:\/\/shop.zuz-fanexpress.de\/index.php\/wp-json\/wp\/v2\/product"}],"about":[{"href":"https:\/\/shop.zuz-fanexpress.de\/index.php\/wp-json\/wp\/v2\/types\/product"}],"wp:featuredmedia":[{"embeddable":true,"href":"https:\/\/shop.zuz-fanexpress.de\/index.php\/wp-json\/wp\/v2\/media\/5309"}],"wp:attachment":[{"href":"https:\/\/shop.zuz-fanexpress.de\/index.php\/wp-json\/wp\/v2\/media?parent=5308"}],"wp:term":[{"taxonomy":"product_brand","embeddable":true,"href":"https:\/\/shop.zuz-fanexpress.de\/index.php\/wp-json\/wp\/v2\/product_brand?post=5308"},{"taxonomy":"product_cat","embeddable":true,"href":"https:\/\/shop.zuz-fanexpress.de\/index.php\/wp-json\/wp\/v2\/product_cat?post=5308"},{"taxonomy":"product_tag","embeddable":true,"href":"https:\/\/shop.zuz-fanexpress.de\/index.php\/wp-json\/wp\/v2\/product_tag?post=5308"}],"curies":[{"name":"wp","href":"https:\/\/api.w.org\/{rel}","templated":true}]}}