{"id":5500,"date":"2025-08-13T17:50:02","date_gmt":"2025-08-13T19:50:02","guid":{"rendered":"https:\/\/shop.zuz-fanexpress.de\/?post_type=product&#038;p=5500"},"modified":"2026-01-28T09:58:12","modified_gmt":"2026-01-28T11:58:12","slug":"t-shirt-bochum-tiefen-westen-marine-4630","status":"publish","type":"product","link":"https:\/\/shop.zuz-fanexpress.de\/index.php\/produkt\/t-shirt-bochum-tiefen-westen-marine-4630\/","title":{"rendered":"T-Shirt Bochum 4630 &#8211; Tief im Westen Marine"},"content":{"rendered":"<p>Auf den Stra\u00dfen Bochums spielen, bolzen und gro\u00df werden. So ziemlich jeder verbindet mit den Zahlen 4630 eine ganz eigene Geschichte. Ihr kommt wohlm\u00f6glich gar nicht aus Bochum, \u201eTief im Westen\u201c hat aber auch f\u00fcr euch eine besondere Bedeutung? Dann sind diese Artikel die perfekte Wahl!<br \/>\nAngefangen bei den Kindern, besteht eine erste Auswahl: Hoodies und Zipper in verschiedenen Farbvariationen.<br \/>\nErg\u00e4nzt wird selbiges Angebot f\u00fcr die Erwachsenen, durch ein T-Shirt in den Farben wei\u00df und marine-blau. Au\u00dferdem erweitert der kapuzenlose Zipper das Sortiment. Es ist also f\u00fcr jeden Geschmack etwas dabei!<\/p>\n","protected":false},"excerpt":{"rendered":"<p>T-Shirt Bochum Tief im Westen marine<br \/>\nVorne 4630 klein geschrieben <\/p>\n<p>Lieferzeit ca. 1 Woche<\/p>\n","protected":false},"featured_media":5482,"template":"","meta":[],"product_brand":[],"product_cat":[32,16],"product_tag":[],"class_list":{"0":"post-5500","1":"product","2":"type-product","3":"status-publish","4":"has-post-thumbnail","6":"product_cat-herren-t-shirts","7":"product_cat-t-shirts","8":"product_shipping_class-leicht","10":"first","11":"instock","12":"taxable","13":"shipping-taxable","14":"purchasable","15":"product-type-variable","16":"has-default-attributes"},"_links":{"self":[{"href":"https:\/\/shop.zuz-fanexpress.de\/index.php\/wp-json\/wp\/v2\/product\/5500","targetHints":{"allow":["GET"]}}],"collection":[{"href":"https:\/\/shop.zuz-fanexpress.de\/index.php\/wp-json\/wp\/v2\/product"}],"about":[{"href":"https:\/\/shop.zuz-fanexpress.de\/index.php\/wp-json\/wp\/v2\/types\/product"}],"wp:featuredmedia":[{"embeddable":true,"href":"https:\/\/shop.zuz-fanexpress.de\/index.php\/wp-json\/wp\/v2\/media\/5482"}],"wp:attachment":[{"href":"https:\/\/shop.zuz-fanexpress.de\/index.php\/wp-json\/wp\/v2\/media?parent=5500"}],"wp:term":[{"taxonomy":"product_brand","embeddable":true,"href":"https:\/\/shop.zuz-fanexpress.de\/index.php\/wp-json\/wp\/v2\/product_brand?post=5500"},{"taxonomy":"product_cat","embeddable":true,"href":"https:\/\/shop.zuz-fanexpress.de\/index.php\/wp-json\/wp\/v2\/product_cat?post=5500"},{"taxonomy":"product_tag","embeddable":true,"href":"https:\/\/shop.zuz-fanexpress.de\/index.php\/wp-json\/wp\/v2\/product_tag?post=5500"}],"curies":[{"name":"wp","href":"https:\/\/api.w.org\/{rel}","templated":true}]}}