{"id":5766,"date":"2025-09-16T11:21:32","date_gmt":"2025-09-16T13:21:32","guid":{"rendered":"https:\/\/shop.zuz-fanexpress.de\/?post_type=product&#038;p=5766"},"modified":"2026-01-28T09:48:28","modified_gmt":"2026-01-28T11:48:28","slug":"kinder-hoody-bochum-weiss-kopie","status":"publish","type":"product","link":"https:\/\/shop.zuz-fanexpress.de\/index.php\/produkt\/kinder-hoody-bochum-weiss-kopie\/","title":{"rendered":"Kinder Hoody blau Bochum 1848"},"content":{"rendered":"<p>Der optisch ansprechende, und trotzdem dezente Aufdruck \u201eBochum 1848\u201c ist f\u00fcr jeden VfL Fan ein Hingucker.<br \/>\nGemeinsam durch dick und d\u00fcnn ist auch bei der Auswahl der Kleidungsst\u00fccke das Motto. Erh\u00e4ltlich ist dieses Motiv sowohl als Hoodie, wie auch als T-Shirt. In den Farben wei\u00df oder (navy-)blau, ist der Hoodie sowohl f\u00fcr Kinder, wie auch f\u00fcr Erwachsene erh\u00e4ltlich.<br \/>\nErwachsene k\u00f6nnen au\u00dferdem das passende T-Shirt, in den Farben wei\u00df und marine-blau, erwerben. Ob gro\u00df, ob klein \u2013 der VfL muss es sein! <\/p>\n","protected":false},"excerpt":{"rendered":"<p>Lieferzeit ca. 1 Woche <\/p>\n","protected":false},"featured_media":5726,"template":"","meta":[],"product_brand":[],"product_cat":[64,70],"product_tag":[],"class_list":{"0":"post-5766","1":"product","2":"type-product","3":"status-publish","4":"has-post-thumbnail","6":"product_cat-jacken","7":"product_cat-kinder","8":"product_shipping_class-standard","10":"first","11":"instock","12":"taxable","13":"shipping-taxable","14":"purchasable","15":"product-type-variable"},"_links":{"self":[{"href":"https:\/\/shop.zuz-fanexpress.de\/index.php\/wp-json\/wp\/v2\/product\/5766","targetHints":{"allow":["GET"]}}],"collection":[{"href":"https:\/\/shop.zuz-fanexpress.de\/index.php\/wp-json\/wp\/v2\/product"}],"about":[{"href":"https:\/\/shop.zuz-fanexpress.de\/index.php\/wp-json\/wp\/v2\/types\/product"}],"wp:featuredmedia":[{"embeddable":true,"href":"https:\/\/shop.zuz-fanexpress.de\/index.php\/wp-json\/wp\/v2\/media\/5726"}],"wp:attachment":[{"href":"https:\/\/shop.zuz-fanexpress.de\/index.php\/wp-json\/wp\/v2\/media?parent=5766"}],"wp:term":[{"taxonomy":"product_brand","embeddable":true,"href":"https:\/\/shop.zuz-fanexpress.de\/index.php\/wp-json\/wp\/v2\/product_brand?post=5766"},{"taxonomy":"product_cat","embeddable":true,"href":"https:\/\/shop.zuz-fanexpress.de\/index.php\/wp-json\/wp\/v2\/product_cat?post=5766"},{"taxonomy":"product_tag","embeddable":true,"href":"https:\/\/shop.zuz-fanexpress.de\/index.php\/wp-json\/wp\/v2\/product_tag?post=5766"}],"curies":[{"name":"wp","href":"https:\/\/api.w.org\/{rel}","templated":true}]}}