{"id":5859,"date":"2025-10-10T10:56:23","date_gmt":"2025-10-10T12:56:23","guid":{"rendered":"https:\/\/shop.zuz-fanexpress.de\/?post_type=product&#038;p=5859"},"modified":"2026-03-27T06:42:58","modified_gmt":"2026-03-27T08:42:58","slug":"bauchtasche-3","status":"publish","type":"product","link":"https:\/\/shop.zuz-fanexpress.de\/index.php\/produkt\/bauchtasche-3\/","title":{"rendered":"Bauchtasche Gestickt 1848 + Stadtwappen"},"content":{"rendered":"<p>Ihr m\u00f6chtet die wichtigsten Gegenst\u00e4ndige schnell griffbereit haben, ohne lange in Rucks\u00e4cken oder Jackentaschen kramen zu m\u00fcssen? Dann bringt eure Wertgegenst\u00e4nde in der bestickten Bauchtasche unter! Die Gr\u00f6\u00dfe ist perfekt, um sie bei diversen Veranstaltungen, und nat\u00fcrlich ins Stadion, mitzunehmen. Dank der qualitativ hochwertigen Verarbeitung, sind die \u00c4ngste etwas zu verlieren, Schnee von gestern. <\/p>\n","protected":false},"excerpt":{"rendered":"<p>Bauchtasche &#8222;1848&#8220; und Stadtwappen<\/p>\n","protected":false},"featured_media":5860,"template":"","meta":[],"product_brand":[],"product_cat":[63],"product_tag":[],"class_list":{"0":"post-5859","1":"product","2":"type-product","3":"status-publish","4":"has-post-thumbnail","6":"product_cat-taschen","7":"product_shipping_class-standard","9":"first","10":"instock","11":"taxable","12":"shipping-taxable","13":"purchasable","14":"product-type-simple"},"_links":{"self":[{"href":"https:\/\/shop.zuz-fanexpress.de\/index.php\/wp-json\/wp\/v2\/product\/5859","targetHints":{"allow":["GET"]}}],"collection":[{"href":"https:\/\/shop.zuz-fanexpress.de\/index.php\/wp-json\/wp\/v2\/product"}],"about":[{"href":"https:\/\/shop.zuz-fanexpress.de\/index.php\/wp-json\/wp\/v2\/types\/product"}],"wp:featuredmedia":[{"embeddable":true,"href":"https:\/\/shop.zuz-fanexpress.de\/index.php\/wp-json\/wp\/v2\/media\/5860"}],"wp:attachment":[{"href":"https:\/\/shop.zuz-fanexpress.de\/index.php\/wp-json\/wp\/v2\/media?parent=5859"}],"wp:term":[{"taxonomy":"product_brand","embeddable":true,"href":"https:\/\/shop.zuz-fanexpress.de\/index.php\/wp-json\/wp\/v2\/product_brand?post=5859"},{"taxonomy":"product_cat","embeddable":true,"href":"https:\/\/shop.zuz-fanexpress.de\/index.php\/wp-json\/wp\/v2\/product_cat?post=5859"},{"taxonomy":"product_tag","embeddable":true,"href":"https:\/\/shop.zuz-fanexpress.de\/index.php\/wp-json\/wp\/v2\/product_tag?post=5859"}],"curies":[{"name":"wp","href":"https:\/\/api.w.org\/{rel}","templated":true}]}}