{"id":6015,"date":"2025-12-12T18:50:11","date_gmt":"2025-12-12T20:50:11","guid":{"rendered":"https:\/\/shop.zuz-fanexpress.de\/?post_type=product&#038;p=6015"},"modified":"2026-01-13T12:50:18","modified_gmt":"2026-01-13T14:50:18","slug":"glaskrug-tief-im-westen","status":"publish","type":"product","link":"https:\/\/shop.zuz-fanexpress.de\/index.php\/produkt\/glaskrug-tief-im-westen\/","title":{"rendered":"Glaskrug Tief im Westen"},"content":{"rendered":"<p>Zeit f\u00fcr ein Kaltgetr\u00e4nk. Doch es soll nicht immer aus der Flasche sein? Dann bieten diese Glaskr\u00fcge die perfekte Alternative!<br \/>\nDurch die zeitlose und edle Optik, sowie dem robusten Glas, sind diese Kr\u00fcge ideal f\u00fcr gesellige Runden und entspannte Feierabendgetr\u00e4nke.<br \/>\nAlso los geht\u2019s! Erweitert eure Gl\u00e4sersammlung mit den originellen, stadtbezogenen Kr\u00fcgen!<\/p>\n<p>Handsp\u00fclung empfohlen<\/p>\n<p>Abholung sofort m\u00f6glich, bei Versand Lieferzeit ca. 1 Woche<\/p>\n","protected":false},"excerpt":{"rendered":"<p>Zeit f\u00fcr ein Kaltgetr\u00e4nk. Doch es soll nicht immer aus der Flasche sein? Dann bieten diese Glaskr\u00fcge die perfekte Alternative! Durch die zeitlose und edle Optik, sowie dem robusten Glas, sind diese Kr\u00fcge ideal f\u00fcr gesellige Runden und entspannte Feierabendgetr\u00e4nke. Also los geht\u2019s! Erweitert eure&hellip;<\/p>\n","protected":false},"featured_media":6016,"template":"","meta":[],"product_brand":[],"product_cat":[15],"product_tag":[],"class_list":{"0":"post-6015","1":"product","2":"type-product","3":"status-publish","4":"has-post-thumbnail","6":"product_cat-unkategorisiert","7":"product_shipping_class-leicht","9":"first","10":"instock","11":"taxable","12":"shipping-taxable","13":"purchasable","14":"product-type-simple"},"_links":{"self":[{"href":"https:\/\/shop.zuz-fanexpress.de\/index.php\/wp-json\/wp\/v2\/product\/6015","targetHints":{"allow":["GET"]}}],"collection":[{"href":"https:\/\/shop.zuz-fanexpress.de\/index.php\/wp-json\/wp\/v2\/product"}],"about":[{"href":"https:\/\/shop.zuz-fanexpress.de\/index.php\/wp-json\/wp\/v2\/types\/product"}],"wp:featuredmedia":[{"embeddable":true,"href":"https:\/\/shop.zuz-fanexpress.de\/index.php\/wp-json\/wp\/v2\/media\/6016"}],"wp:attachment":[{"href":"https:\/\/shop.zuz-fanexpress.de\/index.php\/wp-json\/wp\/v2\/media?parent=6015"}],"wp:term":[{"taxonomy":"product_brand","embeddable":true,"href":"https:\/\/shop.zuz-fanexpress.de\/index.php\/wp-json\/wp\/v2\/product_brand?post=6015"},{"taxonomy":"product_cat","embeddable":true,"href":"https:\/\/shop.zuz-fanexpress.de\/index.php\/wp-json\/wp\/v2\/product_cat?post=6015"},{"taxonomy":"product_tag","embeddable":true,"href":"https:\/\/shop.zuz-fanexpress.de\/index.php\/wp-json\/wp\/v2\/product_tag?post=6015"}],"curies":[{"name":"wp","href":"https:\/\/api.w.org\/{rel}","templated":true}]}}