{"id":6057,"date":"2025-12-30T17:58:18","date_gmt":"2025-12-30T19:58:18","guid":{"rendered":"https:\/\/shop.zuz-fanexpress.de\/?post_type=product&#038;p=6057"},"modified":"2026-01-19T11:16:00","modified_gmt":"2026-01-19T13:16:00","slug":"wintermuetze-bochum-gestickt","status":"publish","type":"product","link":"https:\/\/shop.zuz-fanexpress.de\/index.php\/produkt\/wintermuetze-bochum-gestickt\/","title":{"rendered":"Winterm\u00fctze Bochum Gestickt"},"content":{"rendered":"<p>Abholung sofort m\u00f6glich, bei Versand Lieferzeit ca. 1 Woche<br \/>\nAuch in der kalten Jahreszeit mit Stolz deine Stadt repr\u00e4sentieren? Mit dieser gestrickten Wollm\u00fctze kein Problem!<br \/>\nSowohl im eisigen Stadion, wie auch im verschneiten Alltag, sch\u00fctzt diese schlichte Wollm\u00fctze deinen Kopf vor Wind und Wetter. Kein Schnickschnack, kein Verrutschen \u2013 das Must-have f\u00fcr Herbst und Winter!<\/p>\n","protected":false},"excerpt":{"rendered":"<p>Abholung sofort m\u00f6glich, bei Versand Lieferzeit ca. 1 Woche Auch in der kalten Jahreszeit mit Stolz deine Stadt repr\u00e4sentieren? Mit dieser gestrickten Wollm\u00fctze kein Problem! Sowohl im eisigen Stadion, wie auch im verschneiten Alltag, sch\u00fctzt diese schlichte Wollm\u00fctze deinen Kopf vor Wind und Wetter. Kein&hellip;<\/p>\n","protected":false},"featured_media":6058,"template":"","meta":[],"product_brand":[],"product_cat":[45,15],"product_tag":[],"class_list":{"0":"post-6057","1":"product","2":"type-product","3":"status-publish","4":"has-post-thumbnail","6":"product_cat-kappen","7":"product_cat-unkategorisiert","9":"first","10":"instock","11":"taxable","12":"shipping-taxable","13":"purchasable","14":"product-type-simple"},"_links":{"self":[{"href":"https:\/\/shop.zuz-fanexpress.de\/index.php\/wp-json\/wp\/v2\/product\/6057","targetHints":{"allow":["GET"]}}],"collection":[{"href":"https:\/\/shop.zuz-fanexpress.de\/index.php\/wp-json\/wp\/v2\/product"}],"about":[{"href":"https:\/\/shop.zuz-fanexpress.de\/index.php\/wp-json\/wp\/v2\/types\/product"}],"wp:featuredmedia":[{"embeddable":true,"href":"https:\/\/shop.zuz-fanexpress.de\/index.php\/wp-json\/wp\/v2\/media\/6058"}],"wp:attachment":[{"href":"https:\/\/shop.zuz-fanexpress.de\/index.php\/wp-json\/wp\/v2\/media?parent=6057"}],"wp:term":[{"taxonomy":"product_brand","embeddable":true,"href":"https:\/\/shop.zuz-fanexpress.de\/index.php\/wp-json\/wp\/v2\/product_brand?post=6057"},{"taxonomy":"product_cat","embeddable":true,"href":"https:\/\/shop.zuz-fanexpress.de\/index.php\/wp-json\/wp\/v2\/product_cat?post=6057"},{"taxonomy":"product_tag","embeddable":true,"href":"https:\/\/shop.zuz-fanexpress.de\/index.php\/wp-json\/wp\/v2\/product_tag?post=6057"}],"curies":[{"name":"wp","href":"https:\/\/api.w.org\/{rel}","templated":true}]}}