{"id":6144,"date":"2026-01-18T19:57:26","date_gmt":"2026-01-18T21:57:26","guid":{"rendered":"https:\/\/shop.zuz-fanexpress.de\/?post_type=product&#038;p=6144"},"modified":"2026-03-01T00:29:20","modified_gmt":"2026-03-01T02:29:20","slug":"hoody-bochum-1848","status":"publish","type":"product","link":"https:\/\/shop.zuz-fanexpress.de\/index.php\/produkt\/hoody-bochum-1848\/","title":{"rendered":"Damen Hoody Bochum1848 rosa"},"content":{"rendered":"<p>Der Damen Hoodie Bochum 1848 l\u00e4sst in Erinnerungen schwelgen. Ein zeitloses Motiv in Kombination mit einer gem\u00fctlichen Qualit\u00e4t. Die perfekte Mischung aus Vereinsliebe und Komfort. Endlich kein Frieren mehr im kalten Stadion! Der Hoodie h\u00e4lt au\u00dferdem eine kleine \u00dcberraschung bereit. Ihr m\u00f6chtet gerne eure Gegenst\u00e4nde \u201ean der Frau\u201c haben? Dann bietet die zus\u00e4tzliche Tasche mit Rei\u00dfverschluss optimale Sicherheit! Sowohl in blau, wie auch in rosa ist der Hoodie erh\u00e4ltlich. <\/p>\n","protected":false},"excerpt":{"rendered":"<p>Hoody Rosa Bochum<br \/>\nLieferzeit ca. 10 Tage<br \/>\nNach Zahlungseingang<\/p>\n","protected":false},"featured_media":6135,"template":"","meta":[],"product_brand":[],"product_cat":[31,28],"product_tag":[],"class_list":{"0":"post-6144","1":"product","2":"type-product","3":"status-publish","4":"has-post-thumbnail","6":"product_cat-damen-pullover","7":"product_cat-pullover","8":"product_shipping_class-standard","10":"first","11":"instock","12":"taxable","13":"shipping-taxable","14":"purchasable","15":"product-type-variable","16":"has-default-attributes"},"_links":{"self":[{"href":"https:\/\/shop.zuz-fanexpress.de\/index.php\/wp-json\/wp\/v2\/product\/6144","targetHints":{"allow":["GET"]}}],"collection":[{"href":"https:\/\/shop.zuz-fanexpress.de\/index.php\/wp-json\/wp\/v2\/product"}],"about":[{"href":"https:\/\/shop.zuz-fanexpress.de\/index.php\/wp-json\/wp\/v2\/types\/product"}],"wp:featuredmedia":[{"embeddable":true,"href":"https:\/\/shop.zuz-fanexpress.de\/index.php\/wp-json\/wp\/v2\/media\/6135"}],"wp:attachment":[{"href":"https:\/\/shop.zuz-fanexpress.de\/index.php\/wp-json\/wp\/v2\/media?parent=6144"}],"wp:term":[{"taxonomy":"product_brand","embeddable":true,"href":"https:\/\/shop.zuz-fanexpress.de\/index.php\/wp-json\/wp\/v2\/product_brand?post=6144"},{"taxonomy":"product_cat","embeddable":true,"href":"https:\/\/shop.zuz-fanexpress.de\/index.php\/wp-json\/wp\/v2\/product_cat?post=6144"},{"taxonomy":"product_tag","embeddable":true,"href":"https:\/\/shop.zuz-fanexpress.de\/index.php\/wp-json\/wp\/v2\/product_tag?post=6144"}],"curies":[{"name":"wp","href":"https:\/\/api.w.org\/{rel}","templated":true}]}}