{"id":6150,"date":"2026-01-18T20:00:45","date_gmt":"2026-01-18T22:00:45","guid":{"rendered":"https:\/\/shop.zuz-fanexpress.de\/?post_type=product&#038;p=6150"},"modified":"2026-02-05T08:56:29","modified_gmt":"2026-02-05T10:56:29","slug":"hoody-1848-bochum","status":"publish","type":"product","link":"https:\/\/shop.zuz-fanexpress.de\/index.php\/produkt\/hoody-1848-bochum\/","title":{"rendered":"Damen Hoody 1848  Bochum rosa"},"content":{"rendered":"<p>Mithilfe des gem\u00fctlichen und kuscheligen Hoodies, k\u00f6nnt ihr auch die k\u00e4ltesten Temperaturen \u00fcberstehen.<br \/>\nGanz nebenbei k\u00f6nnt ihr au\u00dferdem auch euren Herzensverein mit Stolz pr\u00e4sentieren. 1848 Bochum \u2013 damit ist alles gesagt.<br \/>\nDank der Taschen bleiben eure H\u00e4nde warm. Doch damit nicht genug. Ein weiterer Rei\u00dfverschluss, erm\u00f6glicht es euch, kleine Wertgegenst\u00e4nde sicher zu verstauen, ohne lange in Handtaschen kramen zu m\u00fcssen. Ob in einem aussagekr\u00e4ftigem blau oder in rosa, ihr habt die Wahl!<\/p>\n","protected":false},"excerpt":{"rendered":"<p>Damen Hoody 1848 Bochum<br \/>\nLieferzeit ca. 10 Tage<br \/>\nNach Zahlungseingang<\/p>\n","protected":false},"featured_media":6115,"template":"","meta":[],"product_brand":[],"product_cat":[31,28],"product_tag":[],"class_list":{"0":"post-6150","1":"product","2":"type-product","3":"status-publish","4":"has-post-thumbnail","6":"product_cat-damen-pullover","7":"product_cat-pullover","8":"product_shipping_class-standard","10":"first","11":"instock","12":"taxable","13":"shipping-taxable","14":"purchasable","15":"product-type-variable","16":"has-default-attributes"},"_links":{"self":[{"href":"https:\/\/shop.zuz-fanexpress.de\/index.php\/wp-json\/wp\/v2\/product\/6150","targetHints":{"allow":["GET"]}}],"collection":[{"href":"https:\/\/shop.zuz-fanexpress.de\/index.php\/wp-json\/wp\/v2\/product"}],"about":[{"href":"https:\/\/shop.zuz-fanexpress.de\/index.php\/wp-json\/wp\/v2\/types\/product"}],"wp:featuredmedia":[{"embeddable":true,"href":"https:\/\/shop.zuz-fanexpress.de\/index.php\/wp-json\/wp\/v2\/media\/6115"}],"wp:attachment":[{"href":"https:\/\/shop.zuz-fanexpress.de\/index.php\/wp-json\/wp\/v2\/media?parent=6150"}],"wp:term":[{"taxonomy":"product_brand","embeddable":true,"href":"https:\/\/shop.zuz-fanexpress.de\/index.php\/wp-json\/wp\/v2\/product_brand?post=6150"},{"taxonomy":"product_cat","embeddable":true,"href":"https:\/\/shop.zuz-fanexpress.de\/index.php\/wp-json\/wp\/v2\/product_cat?post=6150"},{"taxonomy":"product_tag","embeddable":true,"href":"https:\/\/shop.zuz-fanexpress.de\/index.php\/wp-json\/wp\/v2\/product_tag?post=6150"}],"curies":[{"name":"wp","href":"https:\/\/api.w.org\/{rel}","templated":true}]}}