{"id":6166,"date":"2026-01-18T20:06:03","date_gmt":"2026-01-18T22:06:03","guid":{"rendered":"https:\/\/shop.zuz-fanexpress.de\/?post_type=product&#038;p=6166"},"modified":"2026-02-15T20:36:04","modified_gmt":"2026-02-15T22:36:04","slug":"hoody-tief-im-westen","status":"publish","type":"product","link":"https:\/\/shop.zuz-fanexpress.de\/index.php\/produkt\/hoody-tief-im-westen\/","title":{"rendered":"Damen Hoody 4630 Tief im Westen rosa"},"content":{"rendered":"<p>4630 soll das Motto sein? Dann her mit dem warmen und gem\u00fctlichen Hoodie! Sowohl vorne, wie auch hinten, ist die traditionelle und ber\u00fcchtigte Postleitzahl gut zu erkennen. Doch damit nicht genug. Um eure Verbindung mit der Stadt Bochum weiter zu konkretisieren, rundet der \u201eTief im Westen\u201c- Aufdruck das Gesamtbild ab.<br \/>\nErh\u00e4ltlich ist der Hoodie in den Farben rosa und blau. Um Wertgegenst\u00e4nde nicht Ewigkeiten in Handtaschen suchen zu m\u00fcssen, k\u00f6nnt ihr sie einfach im Hoodie unterbringen. Ein Rei\u00dfverschluss verhindert das Herausfallen der Gegenst\u00e4nde. Nicht nur stylisch, auch raffiniert! <\/p>\n","protected":false},"excerpt":{"rendered":"<p>Damen Hoody Tief im Westen <\/p>\n<p>Lieferzeit ca. 10 Tage<br \/>\nNach Zahlungseingang<\/p>\n","protected":false},"featured_media":6136,"template":"","meta":[],"product_brand":[],"product_cat":[31,28],"product_tag":[],"class_list":{"0":"post-6166","1":"product","2":"type-product","3":"status-publish","4":"has-post-thumbnail","6":"product_cat-damen-pullover","7":"product_cat-pullover","8":"product_shipping_class-standard","10":"first","11":"instock","12":"taxable","13":"shipping-taxable","14":"purchasable","15":"product-type-variable","16":"has-default-attributes"},"_links":{"self":[{"href":"https:\/\/shop.zuz-fanexpress.de\/index.php\/wp-json\/wp\/v2\/product\/6166","targetHints":{"allow":["GET"]}}],"collection":[{"href":"https:\/\/shop.zuz-fanexpress.de\/index.php\/wp-json\/wp\/v2\/product"}],"about":[{"href":"https:\/\/shop.zuz-fanexpress.de\/index.php\/wp-json\/wp\/v2\/types\/product"}],"wp:featuredmedia":[{"embeddable":true,"href":"https:\/\/shop.zuz-fanexpress.de\/index.php\/wp-json\/wp\/v2\/media\/6136"}],"wp:attachment":[{"href":"https:\/\/shop.zuz-fanexpress.de\/index.php\/wp-json\/wp\/v2\/media?parent=6166"}],"wp:term":[{"taxonomy":"product_brand","embeddable":true,"href":"https:\/\/shop.zuz-fanexpress.de\/index.php\/wp-json\/wp\/v2\/product_brand?post=6166"},{"taxonomy":"product_cat","embeddable":true,"href":"https:\/\/shop.zuz-fanexpress.de\/index.php\/wp-json\/wp\/v2\/product_cat?post=6166"},{"taxonomy":"product_tag","embeddable":true,"href":"https:\/\/shop.zuz-fanexpress.de\/index.php\/wp-json\/wp\/v2\/product_tag?post=6166"}],"curies":[{"name":"wp","href":"https:\/\/api.w.org\/{rel}","templated":true}]}}