{"id":6194,"date":"2026-01-18T20:23:52","date_gmt":"2026-01-18T22:23:52","guid":{"rendered":"https:\/\/shop.zuz-fanexpress.de\/?post_type=product&#038;p=6194"},"modified":"2026-02-15T20:37:44","modified_gmt":"2026-02-15T22:37:44","slug":"t-shirt-1848-bo","status":"publish","type":"product","link":"https:\/\/shop.zuz-fanexpress.de\/index.php\/produkt\/t-shirt-1848-bo\/","title":{"rendered":"T-Shirt Kuhhirte 1848 BO wei\u00df"},"content":{"rendered":"<p>Bochum \u2013 die Heimat des VfL, des Ruhrstadions, des Starlight Express und vielen, vielen anderen Sehensw\u00fcrdigkeiten. Eines dieser Sehensw\u00fcrdigkeiten ist ganz klar der Kuhhirte. Er symbolisiert jahrhundertealte Bochumer Tradition. Er ist demnach nicht nur den VfL-Fans ein Begriff. Bislang nur zu sehen in der Bongardstra\u00dfe \u2013 doch dabei wird es nicht mehr bleiben. In Form eines bedruckten T-Shirts, in den Farben wei\u00df und marine-blau, k\u00f6nnt ihr den Kuhhirten \u00fcberall pr\u00e4sentieren. In Kombination mit dem \u201e1848 BO\u201c wird au\u00dferdem die Verbindung zum Verein mehr als deutlich. \u201eZusammen f\u00fcr Stadt und Verein\u201c tr\u00e4gt nun auch eine zus\u00e4tzliche kulturelle Symbolik. <\/p>\n","protected":false},"excerpt":{"rendered":"<p>T-Shirt 1848 BO wei\u00df <\/p>\n<p>Lieferzeit ca. 1 Woche<\/p>\n","protected":false},"featured_media":6129,"template":"","meta":[],"product_brand":[],"product_cat":[16],"product_tag":[],"class_list":{"0":"post-6194","1":"product","2":"type-product","3":"status-publish","4":"has-post-thumbnail","6":"product_cat-t-shirts","7":"product_shipping_class-leicht","9":"first","10":"instock","11":"taxable","12":"shipping-taxable","13":"purchasable","14":"product-type-variable","15":"has-default-attributes"},"_links":{"self":[{"href":"https:\/\/shop.zuz-fanexpress.de\/index.php\/wp-json\/wp\/v2\/product\/6194","targetHints":{"allow":["GET"]}}],"collection":[{"href":"https:\/\/shop.zuz-fanexpress.de\/index.php\/wp-json\/wp\/v2\/product"}],"about":[{"href":"https:\/\/shop.zuz-fanexpress.de\/index.php\/wp-json\/wp\/v2\/types\/product"}],"wp:featuredmedia":[{"embeddable":true,"href":"https:\/\/shop.zuz-fanexpress.de\/index.php\/wp-json\/wp\/v2\/media\/6129"}],"wp:attachment":[{"href":"https:\/\/shop.zuz-fanexpress.de\/index.php\/wp-json\/wp\/v2\/media?parent=6194"}],"wp:term":[{"taxonomy":"product_brand","embeddable":true,"href":"https:\/\/shop.zuz-fanexpress.de\/index.php\/wp-json\/wp\/v2\/product_brand?post=6194"},{"taxonomy":"product_cat","embeddable":true,"href":"https:\/\/shop.zuz-fanexpress.de\/index.php\/wp-json\/wp\/v2\/product_cat?post=6194"},{"taxonomy":"product_tag","embeddable":true,"href":"https:\/\/shop.zuz-fanexpress.de\/index.php\/wp-json\/wp\/v2\/product_tag?post=6194"}],"curies":[{"name":"wp","href":"https:\/\/api.w.org\/{rel}","templated":true}]}}