{"id":6268,"date":"2026-01-24T12:21:16","date_gmt":"2026-01-24T14:21:16","guid":{"rendered":"https:\/\/shop.zuz-fanexpress.de\/?post_type=product&#038;p=6268"},"modified":"2026-02-15T20:39:56","modified_gmt":"2026-02-15T22:39:56","slug":"hoody-navy-blau-bo-1848","status":"publish","type":"product","link":"https:\/\/shop.zuz-fanexpress.de\/index.php\/produkt\/hoody-navy-blau-bo-1848\/","title":{"rendered":"Hoody gestickt navy blau BO 1848 &#8211; Bestickung blau"},"content":{"rendered":"<p>Auf der Suche nach qualitativ hochwertigen und zugleich gem\u00fctlichen Hoodies und Sweatshirts? Dann sind diese Varianten die perfekte Wahl!<br \/>\nDer Veloursstoff sorgt f\u00fcr eine weiche Oberfl\u00e4che des gestickten BO 1848. Dabei liegt es ganz bei euch wie die Bestickung aussehen soll. Sowohl den Hoodie, wie auch das Sweatshirt k\u00f6nnt ihr mit einer blauen, also Ton in Ton, Bestickung erwerben. Ebenso k\u00f6nnt ihr die Bestickung herausstechen lassen, indem ihr die wei\u00dfe Variante w\u00e4hlt. <\/p>\n","protected":false},"excerpt":{"rendered":"<p>Hoody navy blau  BO 1848<br \/>\nBestickung blau <\/p>\n<p>Lieferzeit ca. 10 Tage<br \/>\nNach Zahlungseingang<\/p>\n","protected":false},"featured_media":6242,"template":"","meta":[],"product_brand":[],"product_cat":[30,28],"product_tag":[],"class_list":{"0":"post-6268","1":"product","2":"type-product","3":"status-publish","4":"has-post-thumbnail","6":"product_cat-herren-pullover","7":"product_cat-pullover","8":"product_shipping_class-standard","10":"first","11":"instock","12":"taxable","13":"shipping-taxable","14":"purchasable","15":"product-type-variable","16":"has-default-attributes"},"_links":{"self":[{"href":"https:\/\/shop.zuz-fanexpress.de\/index.php\/wp-json\/wp\/v2\/product\/6268","targetHints":{"allow":["GET"]}}],"collection":[{"href":"https:\/\/shop.zuz-fanexpress.de\/index.php\/wp-json\/wp\/v2\/product"}],"about":[{"href":"https:\/\/shop.zuz-fanexpress.de\/index.php\/wp-json\/wp\/v2\/types\/product"}],"wp:featuredmedia":[{"embeddable":true,"href":"https:\/\/shop.zuz-fanexpress.de\/index.php\/wp-json\/wp\/v2\/media\/6242"}],"wp:attachment":[{"href":"https:\/\/shop.zuz-fanexpress.de\/index.php\/wp-json\/wp\/v2\/media?parent=6268"}],"wp:term":[{"taxonomy":"product_brand","embeddable":true,"href":"https:\/\/shop.zuz-fanexpress.de\/index.php\/wp-json\/wp\/v2\/product_brand?post=6268"},{"taxonomy":"product_cat","embeddable":true,"href":"https:\/\/shop.zuz-fanexpress.de\/index.php\/wp-json\/wp\/v2\/product_cat?post=6268"},{"taxonomy":"product_tag","embeddable":true,"href":"https:\/\/shop.zuz-fanexpress.de\/index.php\/wp-json\/wp\/v2\/product_tag?post=6268"}],"curies":[{"name":"wp","href":"https:\/\/api.w.org\/{rel}","templated":true}]}}