{"id":6296,"date":"2026-02-02T10:03:38","date_gmt":"2026-02-02T12:03:38","guid":{"rendered":"https:\/\/shop.zuz-fanexpress.de\/?post_type=product&#038;p=6296"},"modified":"2026-04-15T05:42:30","modified_gmt":"2026-04-15T07:42:30","slug":"t-shirt-kuhhirte-1848-bochum-weiss","status":"publish","type":"product","link":"https:\/\/shop.zuz-fanexpress.de\/index.php\/produkt\/t-shirt-kuhhirte-1848-bochum-weiss\/","title":{"rendered":"T-Shirt Kuhhirte 1848 BOCHUM gestickt wei\u00df"},"content":{"rendered":"<p>Jeder Bochumerin und jedem Bochumer wird er ein Begriff sein \u2013 der Kuhhirte. Neben dem Schauspielhaus, dem Starlight Express, dem Ruhrstadion, und vielen anderen Sehensw\u00fcrdigkeiten, ist er ein Teil der Bochumer Kultur. Bislang nur zu sehen in der Bongardstra\u00dfe, doch dabei muss es nicht bleiben! Denn dank des T-Shirts, in den Farben wei\u00df oder marine-blau, k\u00f6nnt ihr den Kuhhirten auch \u00fcber die Stadtgrenzen hinaus bekannt machen.<br \/>\nUm seine und eure Verbindung zur Stadt Bochum zu manifestieren, erg\u00e4nzt der gestickte Schriftzug das Motiv des Bochumer Wahrzeichens.<br \/>\nDies ist unter Garantie nicht nur ein Hingucker f\u00fcr Leute, die es mit dem VfL halten. Sondern f\u00fcr alle, die sich in der Stadt tief im Westen wohl f\u00fchlen!<\/p>\n","protected":false},"excerpt":{"rendered":"<p>T-Shirt 1848 BO wei\u00df <\/p>\n<p>Lieferzeit ca. 1 Woche<\/p>\n","protected":false},"featured_media":6305,"template":"","meta":[],"product_brand":[],"product_cat":[16],"product_tag":[],"class_list":{"0":"post-6296","1":"product","2":"type-product","3":"status-publish","4":"has-post-thumbnail","6":"product_cat-t-shirts","7":"product_shipping_class-leicht","9":"first","10":"instock","11":"taxable","12":"shipping-taxable","13":"purchasable","14":"product-type-variable","15":"has-default-attributes"},"_links":{"self":[{"href":"https:\/\/shop.zuz-fanexpress.de\/index.php\/wp-json\/wp\/v2\/product\/6296","targetHints":{"allow":["GET"]}}],"collection":[{"href":"https:\/\/shop.zuz-fanexpress.de\/index.php\/wp-json\/wp\/v2\/product"}],"about":[{"href":"https:\/\/shop.zuz-fanexpress.de\/index.php\/wp-json\/wp\/v2\/types\/product"}],"wp:featuredmedia":[{"embeddable":true,"href":"https:\/\/shop.zuz-fanexpress.de\/index.php\/wp-json\/wp\/v2\/media\/6305"}],"wp:attachment":[{"href":"https:\/\/shop.zuz-fanexpress.de\/index.php\/wp-json\/wp\/v2\/media?parent=6296"}],"wp:term":[{"taxonomy":"product_brand","embeddable":true,"href":"https:\/\/shop.zuz-fanexpress.de\/index.php\/wp-json\/wp\/v2\/product_brand?post=6296"},{"taxonomy":"product_cat","embeddable":true,"href":"https:\/\/shop.zuz-fanexpress.de\/index.php\/wp-json\/wp\/v2\/product_cat?post=6296"},{"taxonomy":"product_tag","embeddable":true,"href":"https:\/\/shop.zuz-fanexpress.de\/index.php\/wp-json\/wp\/v2\/product_tag?post=6296"}],"curies":[{"name":"wp","href":"https:\/\/api.w.org\/{rel}","templated":true}]}}