{"id":6332,"date":"2026-02-12T08:26:27","date_gmt":"2026-02-12T10:26:27","guid":{"rendered":"https:\/\/shop.zuz-fanexpress.de\/?post_type=product&#038;p=6332"},"modified":"2026-05-08T06:08:12","modified_gmt":"2026-05-08T08:08:12","slug":"ansteck-nadel-bochum-1848-2","status":"publish","type":"product","link":"https:\/\/shop.zuz-fanexpress.de\/index.php\/produkt\/ansteck-nadel-bochum-1848-2\/","title":{"rendered":"Anstecknadel Bochum \/ 1848"},"content":{"rendered":"<p>Anstecknadeln verdeutlichen nicht nur eine Zugeh\u00f6rigkeit, sondern geben Outfits den letzten Schliff. Auch euer Stadionoutfit kann nun von drei neuen Anstecknadeln profitieren. Durch kraftvolle Farben und der stabilen Qualit\u00e4t, k\u00f6nnt ihr eure Kutten, Jacken, Taschen, Kappen und alles was euch so einf\u00e4llt, versch\u00f6nern und eure Verbundenheit zu Stadt und Verein abrunden.<br \/>\n\u201e4630-Tief im Westen\u201c und zwei verschiedene Varianten von \u201eBochum1848\u201c stehen euch hierbei zur Auswahl.<\/p>\n","protected":false},"excerpt":{"rendered":"<p>Anstecknadel   Bochum \/1848<\/p>\n<p>Abholung sofort m\u00f6glich, bei Versand Lieferzeit ca. 1 Woche<\/p>\n","protected":false},"featured_media":6330,"template":"","meta":[],"product_brand":[],"product_cat":[15],"product_tag":[],"class_list":{"0":"post-6332","1":"product","2":"type-product","3":"status-publish","4":"has-post-thumbnail","6":"product_cat-unkategorisiert","7":"product_shipping_class-leicht","8":"pa_color-navy","9":"pa_color-schwarz","11":"first","12":"instock","13":"taxable","14":"shipping-taxable","15":"purchasable","16":"product-type-simple"},"_links":{"self":[{"href":"https:\/\/shop.zuz-fanexpress.de\/index.php\/wp-json\/wp\/v2\/product\/6332","targetHints":{"allow":["GET"]}}],"collection":[{"href":"https:\/\/shop.zuz-fanexpress.de\/index.php\/wp-json\/wp\/v2\/product"}],"about":[{"href":"https:\/\/shop.zuz-fanexpress.de\/index.php\/wp-json\/wp\/v2\/types\/product"}],"wp:featuredmedia":[{"embeddable":true,"href":"https:\/\/shop.zuz-fanexpress.de\/index.php\/wp-json\/wp\/v2\/media\/6330"}],"wp:attachment":[{"href":"https:\/\/shop.zuz-fanexpress.de\/index.php\/wp-json\/wp\/v2\/media?parent=6332"}],"wp:term":[{"taxonomy":"product_brand","embeddable":true,"href":"https:\/\/shop.zuz-fanexpress.de\/index.php\/wp-json\/wp\/v2\/product_brand?post=6332"},{"taxonomy":"product_cat","embeddable":true,"href":"https:\/\/shop.zuz-fanexpress.de\/index.php\/wp-json\/wp\/v2\/product_cat?post=6332"},{"taxonomy":"product_tag","embeddable":true,"href":"https:\/\/shop.zuz-fanexpress.de\/index.php\/wp-json\/wp\/v2\/product_tag?post=6332"}],"curies":[{"name":"wp","href":"https:\/\/api.w.org\/{rel}","templated":true}]}}