{"id":6359,"date":"2026-02-16T19:30:29","date_gmt":"2026-02-16T21:30:29","guid":{"rendered":"https:\/\/shop.zuz-fanexpress.de\/?post_type=product&#038;p=6359"},"modified":"2026-03-22T13:32:37","modified_gmt":"2026-03-22T15:32:37","slug":"seidenschal-bochum-1848","status":"publish","type":"product","link":"https:\/\/shop.zuz-fanexpress.de\/index.php\/produkt\/seidenschal-bochum-1848\/","title":{"rendered":"Seidenschal Bochum 1848"},"content":{"rendered":"<p>Der Seidenschal, der die Sache auf den Punkt bringt. Das Stadtwappen, der Lieblingsverein, die Farben blau und wei\u00df. Mehr braucht es nicht um jahrhundertealte Tradition, Herzblut und Zugeh\u00f6rigkeit zu verdeutlichen. Ob zum Versch\u00f6nern der eigenen vier W\u00e4nde, oder zum Tragen im Stadion \u2013 der Seidenschal ist ein Allrounder! <\/p>\n","protected":false},"excerpt":{"rendered":"<p>Seidenschal Bochum 1848 <\/p>\n","protected":false},"featured_media":6361,"template":"","meta":[],"product_brand":[],"product_cat":[36],"product_tag":[],"class_list":{"0":"post-6359","1":"product","2":"type-product","3":"status-publish","4":"has-post-thumbnail","6":"product_cat-schals","7":"product_shipping_class-standard","9":"first","10":"instock","11":"taxable","12":"shipping-taxable","13":"purchasable","14":"product-type-simple"},"_links":{"self":[{"href":"https:\/\/shop.zuz-fanexpress.de\/index.php\/wp-json\/wp\/v2\/product\/6359","targetHints":{"allow":["GET"]}}],"collection":[{"href":"https:\/\/shop.zuz-fanexpress.de\/index.php\/wp-json\/wp\/v2\/product"}],"about":[{"href":"https:\/\/shop.zuz-fanexpress.de\/index.php\/wp-json\/wp\/v2\/types\/product"}],"wp:featuredmedia":[{"embeddable":true,"href":"https:\/\/shop.zuz-fanexpress.de\/index.php\/wp-json\/wp\/v2\/media\/6361"}],"wp:attachment":[{"href":"https:\/\/shop.zuz-fanexpress.de\/index.php\/wp-json\/wp\/v2\/media?parent=6359"}],"wp:term":[{"taxonomy":"product_brand","embeddable":true,"href":"https:\/\/shop.zuz-fanexpress.de\/index.php\/wp-json\/wp\/v2\/product_brand?post=6359"},{"taxonomy":"product_cat","embeddable":true,"href":"https:\/\/shop.zuz-fanexpress.de\/index.php\/wp-json\/wp\/v2\/product_cat?post=6359"},{"taxonomy":"product_tag","embeddable":true,"href":"https:\/\/shop.zuz-fanexpress.de\/index.php\/wp-json\/wp\/v2\/product_tag?post=6359"}],"curies":[{"name":"wp","href":"https:\/\/api.w.org\/{rel}","templated":true}]}}