{"id":6372,"date":"2026-02-26T13:25:22","date_gmt":"2026-02-26T15:25:22","guid":{"rendered":"https:\/\/shop.zuz-fanexpress.de\/?post_type=product&#038;p=6372"},"modified":"2026-03-11T11:08:02","modified_gmt":"2026-03-11T13:08:02","slug":"regenschirm-bochum-1848","status":"publish","type":"product","link":"https:\/\/shop.zuz-fanexpress.de\/index.php\/produkt\/regenschirm-bochum-1848\/","title":{"rendered":"Regenschirm Bochum \/ 1848"},"content":{"rendered":"<p>Es wird Zeit, auch an verregneten Tagen Farbe ins Leben zu bringen! Welche Farben k\u00f6nnte sich da besser eignen als die Farben Blau und Wei\u00df? Der Taschenschirm besteht aus zwei abwechselnden Blaut\u00f6nen, die den Aufdruck \u201eBochum 1848\u201c hervorragend in Szene setzen. Also los: schnappt euch euren neuen Regenschirm und raus geht\u2019s an die frische Luft. Wen st\u00f6rt schon der Regen?! <\/p>\n","protected":false},"excerpt":{"rendered":"<p>Regenschirm Bochum \/1848<\/p>\n<p>Abholung sofort m\u00f6glich,<br \/>\nbei Versand Lieferzeit ca.1Woche<\/p>\n","protected":false},"featured_media":6375,"template":"","meta":[],"product_brand":[],"product_cat":[15],"product_tag":[],"class_list":{"0":"post-6372","1":"product","2":"type-product","3":"status-publish","4":"has-post-thumbnail","6":"product_cat-unkategorisiert","7":"product_shipping_class-leicht","8":"pa_color-navy","9":"pa_color-schwarz","11":"first","12":"instock","13":"taxable","14":"shipping-taxable","15":"purchasable","16":"product-type-simple"},"_links":{"self":[{"href":"https:\/\/shop.zuz-fanexpress.de\/index.php\/wp-json\/wp\/v2\/product\/6372","targetHints":{"allow":["GET"]}}],"collection":[{"href":"https:\/\/shop.zuz-fanexpress.de\/index.php\/wp-json\/wp\/v2\/product"}],"about":[{"href":"https:\/\/shop.zuz-fanexpress.de\/index.php\/wp-json\/wp\/v2\/types\/product"}],"wp:featuredmedia":[{"embeddable":true,"href":"https:\/\/shop.zuz-fanexpress.de\/index.php\/wp-json\/wp\/v2\/media\/6375"}],"wp:attachment":[{"href":"https:\/\/shop.zuz-fanexpress.de\/index.php\/wp-json\/wp\/v2\/media?parent=6372"}],"wp:term":[{"taxonomy":"product_brand","embeddable":true,"href":"https:\/\/shop.zuz-fanexpress.de\/index.php\/wp-json\/wp\/v2\/product_brand?post=6372"},{"taxonomy":"product_cat","embeddable":true,"href":"https:\/\/shop.zuz-fanexpress.de\/index.php\/wp-json\/wp\/v2\/product_cat?post=6372"},{"taxonomy":"product_tag","embeddable":true,"href":"https:\/\/shop.zuz-fanexpress.de\/index.php\/wp-json\/wp\/v2\/product_tag?post=6372"}],"curies":[{"name":"wp","href":"https:\/\/api.w.org\/{rel}","templated":true}]}}